{"id":1036,"date":"2022-08-22T12:19:14","date_gmt":"2022-08-22T12:19:14","guid":{"rendered":"https:\/\/codepaperclient.com\/ccffa\/?page_id=1036"},"modified":"2022-11-03T14:37:39","modified_gmt":"2022-11-03T14:37:39","slug":"veal-calves","status":"publish","type":"page","link":"https:\/\/www.humanefood.ca\/fr\/veal-calves\/","title":{"rendered":"Veaux de boucherie"},"content":{"rendered":"<div data-elementor-type=\"wp-page\" data-elementor-id=\"1036\" class=\"elementor elementor-1036\" data-elementor-post-type=\"page\">\n\t\t\t\t\t\t<section class=\"elementor-section elementor-top-section elementor-element elementor-element-4935c29 elementor-section-height-min-height elementor-section-boxed elementor-section-height-default elementor-section-items-middle\" data-id=\"4935c29\" data-element_type=\"section\" data-settings=\"{&quot;background_background&quot;:&quot;classic&quot;}\">\n\t\t\t\t\t\t<div class=\"elementor-container elementor-column-gap-default\">\n\t\t\t\t\t<div class=\"elementor-column elementor-col-100 elementor-top-column elementor-element elementor-element-0938d08\" data-id=\"0938d08\" data-element_type=\"column\">\n\t\t\t<div class=\"elementor-widget-wrap elementor-element-populated\">\n\t\t\t\t\t\t<div class=\"elementor-element elementor-element-af91ced elementor-widget elementor-widget-heading\" data-id=\"af91ced\" data-element_type=\"widget\" data-widget_type=\"heading.default\">\n\t\t\t\t<div class=\"elementor-widget-container\">\n\t\t\t\t\t<p class=\"elementor-heading-title elementor-size-default\">Photo: Shay Lee<\/p>\t\t\t\t<\/div>\n\t\t\t\t<\/div>\n\t\t\t\t<div class=\"elementor-element elementor-element-3ba7d66 elementor-widget elementor-widget-heading\" data-id=\"3ba7d66\" data-element_type=\"widget\" data-widget_type=\"heading.default\">\n\t\t\t\t<div class=\"elementor-widget-container\">\n\t\t\t\t\t<p class=\"elementor-heading-title elementor-size-default\">\"Ontario, un veau laitier m\u00e2le, enlev\u00e9 \u00e0 sa m\u00e8re quelques heures apr\u00e8s sa naissance, priv\u00e9 de nutriments essentiels et d'exercice, enferm\u00e9 seul et laiss\u00e9 \u00e0 souffrir en isolement jusqu'\u00e0 ce qu'il soit envoy\u00e9 \u00e0 l'abattoir.\"<\/p>\t\t\t\t<\/div>\n\t\t\t\t<\/div>\n\t\t\t\t\t<\/div>\n\t\t<\/div>\n\t\t\t\t\t<\/div>\n\t\t<\/section>\n\t\t\t\t<section class=\"elementor-section elementor-top-section elementor-element elementor-element-1e0a0b9 elementor-section-boxed elementor-section-height-default elementor-section-height-default\" data-id=\"1e0a0b9\" data-element_type=\"section\">\n\t\t\t\t\t\t<div class=\"elementor-container elementor-column-gap-default\">\n\t\t\t\t\t<div class=\"elementor-column elementor-col-100 elementor-top-column elementor-element elementor-element-c45c4e3\" data-id=\"c45c4e3\" data-element_type=\"column\">\n\t\t\t<div class=\"elementor-widget-wrap elementor-element-populated\">\n\t\t\t\t\t\t<div class=\"elementor-element elementor-element-268d774 elementor-widget elementor-widget-heading\" data-id=\"268d774\" data-element_type=\"widget\" data-widget_type=\"heading.default\">\n\t\t\t\t<div class=\"elementor-widget-container\">\n\t\t\t\t\t<h2 class=\"elementor-heading-title elementor-size-default\">Veaux de boucherie<\/h2>\t\t\t\t<\/div>\n\t\t\t\t<\/div>\n\t\t\t\t<div class=\"elementor-element elementor-element-ab3dbcc elementor-widget elementor-widget-text-editor\" data-id=\"ab3dbcc\" data-element_type=\"widget\" data-widget_type=\"text-editor.default\">\n\t\t\t\t<div class=\"elementor-widget-container\">\n\t\t\t\t\t\t\t\t\t<div id=\"pageContainer1\" class=\"_page_1gl8y_100\" data-index=\"0\"><div class=\"_imgLayer_1gl8y_63\"><span style=\"background-color: var(--ast-global-color-5);\">La production de viande de veau est l'une des formes d'\u00e9levage les plus abusives. Les veaux laitiers m\u00e2les sont enlev\u00e9s \u00e0 leur m\u00e8re quelques heures apr\u00e8s la naissance, priv\u00e9s de nutriments essentiels et d'exercice, enferm\u00e9s seuls et laiss\u00e9s \u00e0 souffrir en isolement jusqu'\u00e0 ce qu'ils soient envoy\u00e9s \u00e0 l'abattoir. Ces pratiques contraires \u00e0 l'\u00e9thique visent toutes \u00e0 permettre aux agriculteurs de profiter de la demande de viande tendre.<\/span><\/div><div class=\"_imgLayer_1gl8y_63\"><span style=\"font-size: 16px;\">\u00a0<\/span><\/div><div class=\"_imgLayer_1gl8y_63\"><span style=\"font-size: 16px;\">Au Canada, le Qu\u00e9bec et l'Ontario sont les plus grands producteurs de veau car ils ont la majorit\u00e9 des fermes laiti\u00e8res au pays. Le Qu\u00e9bec produit environ 220,000 veaux de boucherie par ann\u00e9e et l'Ontario en produit environ 70,000 par ann\u00e9e.<\/span><\/div><div class=\"_imgLayer_1gl8y_63\"><span style=\"font-size: 16px;\">\u00a0<\/span><\/div><div class=\"_imgLayer_1gl8y_63\"><span style=\"font-size: 16px;\">Les veaux m\u00e2les sont inutiles \u00e0 l'industrie laiti\u00e8re car ils ne produisent pas de lait. Arrach\u00e9s \u00e0 leur m\u00e8re \u00e0 la naissance, ils sont soit tu\u00e9s, soit \u00e9lev\u00e9s pour la viande de veau. Les d\u00e9penses sont le principal facteur influant sur la d\u00e9cision des \u00e9leveurs d'euthanasier les veaux m\u00e2les peu apr\u00e8s la naissance. Devoir d\u00e9cider si le co\u00fbt de l'\u00e9levage des veaux jusqu'\u00e0 l'\u00e2ge minimum pour le transport l'emporte sur le prix pay\u00e9 pour les veaux.<\/span><\/div><div class=\"_imgLayer_1gl8y_63\"><span style=\"font-size: 16px;\">\u00a0<\/span><\/div><div class=\"_imgLayer_1gl8y_63\"><span style=\"font-size: 16px;\">Cinq pour cent des fermes laiti\u00e8res canadiennes euthanasient en moyenne 1\/5e de leurs veaux m\u00e2les quelques heures apr\u00e8s la naissance. Les m\u00e9thodes d'euthanasie accept\u00e9es en vertu des codes de pratique du National Farm Animal Care Council (NFACC) ne sont pas toujours appliqu\u00e9es. Sept pour cent des producteurs laitiers canadiens ont d\u00e9clar\u00e9 avoir utilis\u00e9 une force contondante pour tuer des veaux m\u00e2les. Des codes de pratiques du CNSAE pour le traitement des veaux de boucherie existent, mais ils sont enti\u00e8rement volontaires. Le Canada se classe mal dans son traitement des veaux de boucherie par rapport \u00e0 d'autres pays.<\/span><\/div><div class=\"_imgLayer_1gl8y_63\"><span style=\"font-size: 16px;\">\u00a0<\/span><\/div><div class=\"_imgLayer_1gl8y_63\"><span style=\"font-size: 16px;\">Un petit nombre de veaux m\u00e2les seront sauv\u00e9s et utilis\u00e9s pour la reproduction. Lorsqu'elles seront assez \u00e2g\u00e9es, elles seront gard\u00e9es dans des unit\u00e9s d'\u00e9levage et traites pour leur semence. Leur semence sera exp\u00e9di\u00e9e dans des pailles congel\u00e9es aux fermes laiti\u00e8res pour \u00eatre utilis\u00e9e pour ins\u00e9miner artificiellement les vaches laiti\u00e8res femelles.<\/span><\/div><div class=\"_imgLayer_1gl8y_63\"><span style=\"font-size: 16px;\">\u00a0<\/span><\/div><div class=\"_imgLayer_1gl8y_63\"><span style=\"font-size: 16px;\">Les veaux m\u00e2les sont achet\u00e9s par les \u00e9leveurs de veaux dans les fermes laiti\u00e8res ou aux ench\u00e8res lorsqu'ils ont 7 \u00e0 10 jours et p\u00e8sent environ 50 kg (110 lb). Dans les \u00e9levages de veaux, les veaux sont mis en cage dans de petits enclos ou des cabanes en plastique avec une zone cl\u00f4tur\u00e9e qui leur laisse juste assez d'espace pour se tenir debout. Ces espaces confin\u00e9s emp\u00eachent les veaux de marcher, courir et jouer, ce qui d\u00e9velopperait leurs muscles. Ils sont \u00e9galement d\u00e9lib\u00e9r\u00e9ment priv\u00e9s de nutriments essentiels. C'est tout pour garder leur viande tendre. Lorsqu'ils sont envoy\u00e9s \u00e0 l'abattoir, leurs corps sont souvent sous-d\u00e9velopp\u00e9s et faibles, et certains peuvent \u00e0 peine franchir la ligne d'abattage.<\/span><\/div><div class=\"_imgLayer_1gl8y_63\"><span style=\"font-size: 16px;\">\u00a0<\/span><\/div><\/div><div id=\"pageContainer2\" class=\"_page_1gl8y_100\" data-index=\"1\"><p>Les veaux de boucherie souffrent souvent d'arthrite douloureuse due \u00e0 des mouvements limit\u00e9s, ainsi que de maladies respiratoires et d'otites qui s\u00e9vissent dans les \u00e9levages industriels surpeupl\u00e9s. Les veaux de boucherie sont \u00e9galement soumis \u00e0 la proc\u00e9dure douloureuse de l'\u00e9bourgeonnage (emp\u00eachement de la croissance des cornes) ou de l'\u00e9cornage. C'est la routine au Canada. La recherche montre que c'est douloureux et stressant. Parce qu'ils sont incapables d'interagir avec d'autres animaux, de faire de l'exercice, de se toiletter, de t\u00e9ter ou d'explorer, les veaux de boucherie peuvent d\u00e9velopper des comportements r\u00e9p\u00e9titifs anormaux. Les veaux en d\u00e9tresse mordent souvent les barreaux de leurs caisses, deviennent l\u00e9thargiques ou roulent la langue. Le fait d'\u00eatre s\u00e9par\u00e9 de leur m\u00e8re et s\u00e9v\u00e8rement confin\u00e9 d\u00e9clenche cela. La diarrh\u00e9e, r\u00e9sultant du r\u00e9gime alimentaire maternis\u00e9, provoque des \u00e9ruptions cutan\u00e9es et des br\u00fblures. La diarrh\u00e9e est la cause la plus fr\u00e9quente de d\u00e9c\u00e8s chez les jeunes veaux.<\/p><p>Apr\u00e8s une vie aussi cruelle et d\u00e9munie, les veaux qui survivent sont envoy\u00e9s \u00e0 l'abattoir alors qu'ils n'ont que 5 mois et souvent plus jeunes.<\/p><p><b>R\u00e9f\u00e9rences:<\/b><\/p><\/div><div data-index=\"1\"><p><a href=\"https:\/\/www.worldanimalprotection.org\/cows-calves-dairy-factory-farming-animal-welfare\"><span data-contrast=\"none\">Vaches, veaux et fin de l'\u00e9levage industriel | Protection mondiale des animaux (en anglais)<\/span><\/a><span data-contrast=\"auto\">\u202f<\/span><span data-ccp-props=\"{&quot;201341983&quot;:0,&quot;335559739&quot;:200,&quot;335559740&quot;:276}\">\u00a0<\/span><\/p><p><a href=\"https:\/\/fr.worldanimalprotection.ca\/nouvelles\/quest-ce-que-lelevage-industriel?_ga=2.31175165.393164861.1663527915-546413046.1663527915\"><span data-contrast=\"none\">Qu'est-ce que l'\u00e9levage industriel ? | Protection mondiale des animaux<\/span><\/a><span data-contrast=\"auto\">\u202f<\/span><span data-ccp-props=\"{&quot;201341983&quot;:0,&quot;335559739&quot;:200,&quot;335559740&quot;:276}\">\u00a0<\/span><\/p><p><a href=\"https:\/\/www.hsi.org\/news-media\/veal-crates-canada-facts\/\"><span data-contrast=\"none\">Faits saillants sur les caisses de veau au Canada \u2013 Humane Society International (hsi.org) (en anglais)<\/span><\/a><span data-contrast=\"auto\">\u202f<\/span><span data-ccp-props=\"{&quot;201341983&quot;:0,&quot;335559739&quot;:200,&quot;335559740&quot;:276}\">\u00a0<\/span><\/p><p><a href=\"https:\/\/www.researchgate.net\/publication\/317146090_Management_practices_for_male_calves_on_Canadian_dairy_farms\"><span data-contrast=\"none\">Pratiques de gestion des veaux m\u00e2les dans les fermes laiti\u00e8res canadiennes | Demander un PDF (researchgate.net) (en anglais)<\/span><\/a><span data-contrast=\"auto\">\u202f<\/span><span data-ccp-props=\"{&quot;201341983&quot;:0,&quot;335559739&quot;:200,&quot;335559740&quot;:276}\">\u00a0<\/span><\/p><p><a href=\"https:\/\/www.cbc.ca\/news\/canada\/montreal\/dairy-quebec-calves-veal-transportation-1.5381647\"><span data-contrast=\"none\">Les producteurs laitiers disent que les nouvelles r\u00e8gles de transport signifient qu'ils devront tuer des veaux | Nouvelles de Radio-Canada (en anglais)<\/span><\/a><span data-contrast=\"auto\">\u202f<\/span><span data-ccp-props=\"{&quot;201341983&quot;:0,&quot;335559739&quot;:200,&quot;335559740&quot;:276}\">\u00a0<\/span><\/p><p><a href=\"https:\/\/sentientmedia.org\/what-is-veal\/\"><span data-contrast=\"none\">Qu'est-ce que le veau ? La sombre v\u00e9rit\u00e9 sur l'origine du veau (sentientmedia.org) (en anglais)<\/span><\/a><span data-contrast=\"auto\">\u202f<\/span><span data-ccp-props=\"{&quot;201341983&quot;:0,&quot;335559739&quot;:200,&quot;335559740&quot;:276}\">\u00a0<\/span><\/p><p><a href=\"https:\/\/thehumaneleague.org\/article\/veal-animal\"><span data-contrast=\"none\">Veau : de quel animal provient-il et pourquoi est-il cruel ? (thehumaneleague.org) (en anglais)<\/span><\/a><span data-contrast=\"auto\">\u202f<\/span><span data-ccp-props=\"{&quot;201341983&quot;:0,&quot;335559739&quot;:200,&quot;335559740&quot;:276}\">\u00a0<\/span><\/p><p><a href=\"https:\/\/www.nfacc.ca\/veal-cattle-code-of-practice-fr\"><b><span data-contrast=\"none\">Code de pratiques pour les bovins de boucherie (nfacc.ca)<\/span><\/b><\/a><span data-contrast=\"auto\">\u202f<\/span><span data-ccp-props=\"{&quot;201341983&quot;:0,&quot;335559739&quot;:200,&quot;335559740&quot;:276}\">\u00a0<\/span><\/p><p><a href=\"https:\/\/www.farmfoodcareon.org\/wp-content\/uploads\/2017\/05\/Fact-Sheet-Veal-2016.pdf\"><b><span data-contrast=\"none\">Disposition 1 (farmfoodcareon.org) (en anglais)<\/span><\/b><\/a><span data-contrast=\"auto\">\u202f<\/span><span data-ccp-props=\"{&quot;201341983&quot;:0,&quot;335559739&quot;:200,&quot;335559740&quot;:276}\">\u00a0<\/span><\/p><\/div>\t\t\t\t\t\t\t\t<\/div>\n\t\t\t\t<\/div>\n\t\t\t\t\t<\/div>\n\t\t<\/div>\n\t\t\t\t\t<\/div>\n\t\t<\/section>\n\t\t\t\t<\/div>","protected":false},"excerpt":{"rendered":"<p>Photo: Shay Lee &#8220;Ontario, a male dairy calf, taken from his mother within hours of birth, starved of essential nutrients and exercise, locked up alone and left to suffer in solitary confinement until he is sent to slaughter.&#8221; Veal Calves Veal production is one of the most abusive forms of animal agriculture. Male dairy calves [&hellip;]<\/p>","protected":false},"author":7,"featured_media":0,"parent":0,"menu_order":0,"comment_status":"closed","ping_status":"closed","template":"elementor_header_footer","meta":{"give_campaign_id":0,"site-sidebar-layout":"no-sidebar","site-content-layout":"page-builder","ast-site-content-layout":"default","site-content-style":"default","site-sidebar-style":"default","ast-global-header-display":"","ast-banner-title-visibility":"","ast-main-header-display":"","ast-hfb-above-header-display":"","ast-hfb-below-header-display":"","ast-hfb-mobile-header-display":"","site-post-title":"disabled","ast-breadcrumbs-content":"","ast-featured-img":"disabled","footer-sml-layout":"","ast-disable-related-posts":"","theme-transparent-header-meta":"","adv-header-id-meta":"","stick-header-meta":"","header-above-stick-meta":"","header-main-stick-meta":"","header-below-stick-meta":"","astra-migrate-meta-layouts":"default","ast-page-background-enabled":"default","ast-page-background-meta":{"desktop":{"background-color":"var(--ast-global-color-4)","background-image":"","background-repeat":"repeat","background-position":"center center","background-size":"auto","background-attachment":"scroll","background-type":"","background-media":"","overlay-type":"","overlay-color":"","overlay-opacity":"","overlay-gradient":""},"tablet":{"background-color":"","background-image":"","background-repeat":"repeat","background-position":"center center","background-size":"auto","background-attachment":"scroll","background-type":"","background-media":"","overlay-type":"","overlay-color":"","overlay-opacity":"","overlay-gradient":""},"mobile":{"background-color":"","background-image":"","background-repeat":"repeat","background-position":"center center","background-size":"auto","background-attachment":"scroll","background-type":"","background-media":"","overlay-type":"","overlay-color":"","overlay-opacity":"","overlay-gradient":""}},"ast-content-background-meta":{"desktop":{"background-color":"var(--ast-global-color-5)","background-image":"","background-repeat":"repeat","background-position":"center center","background-size":"auto","background-attachment":"scroll","background-type":"","background-media":"","overlay-type":"","overlay-color":"","overlay-opacity":"","overlay-gradient":""},"tablet":{"background-color":"var(--ast-global-color-5)","background-image":"","background-repeat":"repeat","background-position":"center center","background-size":"auto","background-attachment":"scroll","background-type":"","background-media":"","overlay-type":"","overlay-color":"","overlay-opacity":"","overlay-gradient":""},"mobile":{"background-color":"var(--ast-global-color-5)","background-image":"","background-repeat":"repeat","background-position":"center center","background-size":"auto","background-attachment":"scroll","background-type":"","background-media":"","overlay-type":"","overlay-color":"","overlay-opacity":"","overlay-gradient":""}},"footnotes":""},"class_list":["post-1036","page","type-page","status-publish","hentry"],"campaignId":"","_links":{"self":[{"href":"https:\/\/www.humanefood.ca\/fr\/wp-json\/wp\/v2\/pages\/1036","targetHints":{"allow":["GET"]}}],"collection":[{"href":"https:\/\/www.humanefood.ca\/fr\/wp-json\/wp\/v2\/pages"}],"about":[{"href":"https:\/\/www.humanefood.ca\/fr\/wp-json\/wp\/v2\/types\/page"}],"author":[{"embeddable":true,"href":"https:\/\/www.humanefood.ca\/fr\/wp-json\/wp\/v2\/users\/7"}],"replies":[{"embeddable":true,"href":"https:\/\/www.humanefood.ca\/fr\/wp-json\/wp\/v2\/comments?post=1036"}],"version-history":[{"count":5,"href":"https:\/\/www.humanefood.ca\/fr\/wp-json\/wp\/v2\/pages\/1036\/revisions"}],"predecessor-version":[{"id":3685,"href":"https:\/\/www.humanefood.ca\/fr\/wp-json\/wp\/v2\/pages\/1036\/revisions\/3685"}],"wp:attachment":[{"href":"https:\/\/www.humanefood.ca\/fr\/wp-json\/wp\/v2\/media?parent=1036"}],"curies":[{"name":"wp","href":"https:\/\/api.w.org\/{rel}","templated":true}]}}