{"id":1208,"date":"2022-08-26T12:54:44","date_gmt":"2022-08-26T12:54:44","guid":{"rendered":"https:\/\/codepaperclient.com\/ccffa\/?page_id=1208"},"modified":"2022-11-08T15:45:39","modified_gmt":"2022-11-08T15:45:39","slug":"pigs","status":"publish","type":"page","link":"https:\/\/www.humanefood.ca\/fr\/pigs\/","title":{"rendered":"Les cochons"},"content":{"rendered":"<div data-elementor-type=\"wp-page\" data-elementor-id=\"1208\" class=\"elementor elementor-1208\" data-elementor-post-type=\"page\">\n\t\t\t\t\t\t<section class=\"elementor-section elementor-top-section elementor-element elementor-element-fefb6ed elementor-section-height-min-height elementor-section-boxed elementor-section-height-default elementor-section-items-middle\" data-id=\"fefb6ed\" data-element_type=\"section\" data-settings=\"{&quot;background_background&quot;:&quot;classic&quot;}\">\n\t\t\t\t\t\t<div class=\"elementor-container elementor-column-gap-default\">\n\t\t\t\t\t<div class=\"elementor-column elementor-col-100 elementor-top-column elementor-element elementor-element-0be8981\" data-id=\"0be8981\" data-element_type=\"column\">\n\t\t\t<div class=\"elementor-widget-wrap elementor-element-populated\">\n\t\t\t\t\t\t\t<\/div>\n\t\t<\/div>\n\t\t\t\t\t<\/div>\n\t\t<\/section>\n\t\t\t\t<section class=\"elementor-section elementor-top-section elementor-element elementor-element-42544c7 elementor-section-boxed elementor-section-height-default elementor-section-height-default\" data-id=\"42544c7\" data-element_type=\"section\">\n\t\t\t\t\t\t<div class=\"elementor-container elementor-column-gap-default\">\n\t\t\t\t\t<div class=\"elementor-column elementor-col-100 elementor-top-column elementor-element elementor-element-44544ac\" data-id=\"44544ac\" data-element_type=\"column\">\n\t\t\t<div class=\"elementor-widget-wrap elementor-element-populated\">\n\t\t\t\t\t\t<div class=\"elementor-element elementor-element-2952765 elementor-widget elementor-widget-heading\" data-id=\"2952765\" data-element_type=\"widget\" data-widget_type=\"heading.default\">\n\t\t\t\t<div class=\"elementor-widget-container\">\n\t\t\t\t\t<h2 class=\"elementor-heading-title elementor-size-default\">Les cochons<\/h2>\t\t\t\t<\/div>\n\t\t\t\t<\/div>\n\t\t\t\t<div class=\"elementor-element elementor-element-3f86941 elementor-widget elementor-widget-text-editor\" data-id=\"3f86941\" data-element_type=\"widget\" data-widget_type=\"text-editor.default\">\n\t\t\t\t<div class=\"elementor-widget-container\">\n\t\t\t\t\t<style>.elementor-element-3f86941{display:none !important}<\/style>\t\t\t\t<\/div>\n\t\t\t\t<\/div>\n\t\t\t\t<div class=\"elementor-element elementor-element-dcffce5 elementor-widget elementor-widget-text-editor\" data-id=\"dcffce5\" data-element_type=\"widget\" data-widget_type=\"text-editor.default\">\n\t\t\t\t<div class=\"elementor-widget-container\">\n\t\t\t\t\t\t\t\t\t<p>Au Canada, pr\u00e8s de 22 millions de porcs ont \u00e9t\u00e9 abattus en 2021. Le Canada a \u00e9galement export\u00e9 plus de 6,5 millions de porcs vers d&#8217;autres pays pour l&#8217;abattage. Le Manitoba est la plus grande province productrice de porcs au Canada, responsable d&#8217;environ 30 % de toute la production. Le Canada est le 3<sup>rd<\/sup>\u00a0premier exportateur de porcs vivants. Le Manitoba est le plus grand exportateur et est le 2<sup>nd<\/sup>\u00a0plus grande province exportatrice de porc apr\u00e8s le Qu\u00e9bec.<\/p><p>Dans les \u00e9levages industriels, les porcs femelles (truies) sont ins\u00e9min\u00e9es artificiellement \u00e0 l&#8217;\u00e2ge de 5 \u00e0 7 mois. Ils auront environ\u00a012 \u00e0 13 porcelets par port\u00e9e et 2 \u00e0 3 port\u00e9es par an. Les truies allaitent leurs porcelets, qui sont sevr\u00e9s vers l&#8217;\u00e2ge de 3 semaines. La\u00a0les porcelets sont ensuite transf\u00e9r\u00e9s dans une pouponni\u00e8re et lorsqu&#8217;ils ont 6 \u00e0 8 semaines, ils sont transf\u00e9r\u00e9s dans une \u00e9table de finition o\u00f9 ils sont engraiss\u00e9s et envoy\u00e9s \u00e0 l&#8217;abattoir \u00e0 l&#8217;\u00e2ge de 5 \u00e0 6 mois.<\/p><p><strong>Dans les fermes canadiennes, les porcelets sont soumis \u00e0 de nombreuses proc\u00e9dures douloureuses et stressantes.<\/strong><\/p><ul><li style=\"font-size: 16px;\">Les porcelets m\u00e2les sont castr\u00e9s lorsqu&#8217;ils n&#8217;ont que 3 semaines ou moins, pour am\u00e9liorer la qualit\u00e9 de la viande et r\u00e9duire l&#8217;agressivit\u00e9 entre les m\u00e2les. Le contr\u00f4le de la douleur est requis par les codes de pratique du National Farm Animal Care Council (NFACC), mais ces codes ne sont que des recommandations et ne sont ni appliqu\u00e9s ni juridiquement contraignants.<\/li><\/ul><div>\u00a0<\/div><ul><li style=\"font-size: 16px;\">Les porcelets ont la queue coup\u00e9e (amputation partielle de la queue) pour \u00e9viter qu&#8217;ils ne se mordent la queue. La morsure de la queue est d\u00e9clench\u00e9e par le manque d&#8217;espace et d&#8217;enrichissement, et peut entra\u00eener des blessures graves, des infections et la mort. Le contr\u00f4le de la douleur est requis par les codes de pratique du NFACC, mais encore une fois, ils ne sont pas l\u00e9galement appliqu\u00e9s.<\/li><\/ul><div>\u00a0<\/div><ul><li style=\"font-size: 16px;\">Les porcelets peuvent se faire tailler ou tondre les dents, pour \u00e9viter qu&#8217;ils ne se blessent par ennui ou par frustration par manque d&#8217;espace et d&#8217;enrichissement. La tonte des dents n&#8217;est plus aussi courante dans les fermes canadiennes, mais une fois effectu\u00e9e, il n&#8217;est pas n\u00e9cessaire de contr\u00f4ler la douleur. Si cela n&#8217;est pas fait correctement, cela peut entra\u00eener une g\u00eane et une infection.<\/li><\/ul><div>\u00a0<\/div><ul><li style=\"font-size: 16px;\">Les porcelets ont leur oreille entaill\u00e9e \u00e0 des fins d&#8217;identification. C&#8217;est douloureux et il n&#8217;y a aucune exigence de contr\u00f4le de la douleur.<\/li><\/ul><div>\u00a0<\/div><p><strong>Caisses de gestation<\/strong><\/p><ul style=\"font-size: 16px; font-style: normal; font-weight: 400; margin-bottom: 0px; margin-left: 1.5em;\"><li style=\"font-size: 16px;\"><span style=\"background-color: var(--ast-global-color-5); font-style: inherit; font-weight: inherit;\">En 2014, l&#8217;industrie canadienne du porc s&#8217;est engag\u00e9e \u00e0 mettre fin \u00e0 l&#8217;utilisation des caisses de gestation d&#8217;ici 2024. Maintenant, les intervenants de l&#8217;industrie proposent une prolongation de cinq ans qui repoussera l&#8217;\u00e9limination progressive jusqu&#8217;en 2029. Selon des experts en bien-\u00eatre animal, le nouveau calendrier signifierait une souffrance massive pour des millions de porcs.<\/span><\/li><\/ul><div>\u00a0<\/div><ul style=\"font-size: 16px; font-style: normal; font-weight: 400; margin-bottom: 0px; margin-left: 1.5em;\"><li style=\"font-size: 16px;\">Une caisse de gestation est une enceinte m\u00e9tallique qui mesure 2\u2032 X 7\u2032. Pas beaucoup plus gros que la taille d&#8217;un cochon lui-m\u00eame, les cochons sont incapables de se retourner.<\/li><\/ul><div>\u00a0<\/div><ul style=\"font-size: 16px; font-style: normal; font-weight: 400; margin-bottom: 0px; margin-left: 1.5em;\"><li style=\"font-size: 16px;\">Les truies sont souvent enferm\u00e9es dans ces cages pendant les quatre mois de leur gestation. Mais parce qu&#8217;il est courant d&#8217;impr\u00e9gner les truies \u00e0 plusieurs reprises jusqu&#8217;\u00e0 leur abattage, vers l&#8217;\u00e2ge de 4 ans, beaucoup passent la majorit\u00e9 de leur vie dans ces cages.<\/li><\/ul><div>\u00a0<\/div><ul style=\"font-size: 16px; font-style: normal; font-weight: 400; margin-bottom: 0px; margin-left: 1.5em;\"><li style=\"font-size: 16px;\">Selon le (NFACC) 2019 Pig Code Review, pr\u00e8s de 900 000 truies (70 %) passent la majeure partie de leur vie dans ces cages.<\/li><\/ul><div>\u00a0<\/div><ul style=\"font-size: 16px; font-style: normal; font-weight: 400; margin-bottom: 0px; margin-left: 1.5em;\"><li style=\"font-size: 16px;\">Le confinement constant am\u00e8ne les truies \u00e0 d\u00e9velopper des escarres, des os et des muscles affaiblis et des infections des voies urinaires en se trouvant dans leurs propres excr\u00e9ments. Caisses de gestation aussi\u00a0<span style=\"font-style: inherit; font-weight: inherit; background-color: var(--ast-global-color-5);\">priver les truies de la capacit\u00e9 d&#8217;exprimer des comportements naturels, ce qui entra\u00eene du stress, de la frustration et le d\u00e9veloppement de comportements anormaux.<\/span><\/li><\/ul><div>\u00a0<\/div><ul style=\"font-size: 16px;\"><li style=\"font-size: 16px;\">Le porc est de la viande rouge et une grande partie est transform\u00e9e en jambon, saucisses, bacon, hot-dogs, salami et autres viandes \u00e0 sandwich. Selon la Soci\u00e9t\u00e9 canadienne du cancer, la consommation de viande rouge et de viande transform\u00e9e augmente votre risque de cancer.<\/li><\/ul>\t\t\t\t\t\t\t\t<\/div>\n\t\t\t\t<\/div>\n\t\t\t\t<div class=\"elementor-element elementor-element-b850c80 elementor-widget elementor-widget-text-editor\" data-id=\"b850c80\" data-element_type=\"widget\" data-widget_type=\"text-editor.default\">\n\t\t\t\t<div class=\"elementor-widget-container\">\n\t\t\t\t\t\t\t\t\t<p><span style=\"font-weight: bold;\">R\u00e9f\u00e9rences<\/span><\/p><ul><li class=\"p1\"><a href=\"https:\/\/www.forbes.com\/sites\/ericatennenhouse\/2021\/01\/09\/what-a-delay-on-canadas-gestation-crate-ban-will-mean-for-pig-welfare\/?sh=4bb784f04baa\"><span class=\"s1\">Qu&#8217;est-ce qu&#8217;un retard sur l&#8217;interdiction des caisses de gestation au Canada signifiera pour le bien-\u00eatre des porcs (forbes.com) (en anglais)<\/span><\/a><\/li><li class=\"p1\"><a href=\"https:\/\/spca.bc.ca\/programs-services\/farm-animal-programs\/farm-animal-production\/pigs\/\"><span class=\"s1\">Production porcine au Canada (spca.bc.ca) (en anglais)<\/span><\/a><\/li><li class=\"p3\"><a href=\"https:\/\/spca.bc.ca\/wp-content\/uploads\/Pig-Production-in-Canada-2017.pdf\"><span class=\"s1\">Production porcine au Canada (spca.bc.ca) (en anglais)<\/span><\/a><\/li><li class=\"p4\"><a href=\"https:\/\/inspection.canada.ca\/sante-des-animaux\/animaux-terrestres\/maladies\/manuel-du-veterinaire-accredite\/chapitre-10\/fra\/1345478300520\/1345478379509?chap=3\"><span class=\"s1\">10.3 \u2013 Chapitre 10 \u2013 Ins\u00e9mination artificielle \u2013 Sant\u00e9 animale \u2013 Agence canadienne d&#8217;inspection des aliments (canada.ca)<\/span>\u00a0<span class=\"s3\">\u00a0<\/span><\/a><\/li><li class=\"p4\"><a href=\"https:\/\/www.nfacc.ca\/pdfs\/codes\/public-comment-periods\/pig\/2019%20Pig%20code%20review%20CTP%20Summary%20Report_EN_final.pdf\"><span class=\"s1\">R\u00e9sum\u00e9 de l&#8217;examen du code porcin 2019 (nfacc.ca) (en anglais)<\/span><\/a><\/li><li class=\"p1\"><a href=\"https:\/\/www150.statcan.gc.ca\/t1\/tbl1\/fr\/tv.action?pid=3210012601&amp;cubeTimeFrame.startYear=2017&amp;cubeTimeFrame.endYear=2021&amp;referencePeriods=20170101%2C20210101&amp;request_locale=fr\"><span class=\"s1\">Porcs, moutons et agneaux, ferme et production de viande (statcan.gc.ca)<\/span><\/a><\/li><li class=\"p1\"><a href=\"https:\/\/www150.statcan.gc.ca\/t1\/tbl1\/fr\/tv.action?pid=3210012601&amp;cubeTimeFrame.startYear=2017&amp;cubeTimeFrame.endYear=2021&amp;referencePeriods=2017010120210101&amp;request_locale=fr\"><span class=\"s1\">Porc | Agriculture Manitoba | Province du Manitoba (gov.mb.ca) (en anglais)<\/span><\/a><\/li><li class=\"p1\"><a href=\"https:\/\/www.pigprogress.net\/world-of-pigs\/country-focus\/canada-worlds-3rd-largest-exporter-of-pork-and-pigs\/\"><span class=\"s1\">Canada : 3e exportateur mondial de porc et de porc \u2013 Pig Progress (en anglais)<\/span><\/a><\/li><li class=\"p1\"><a href=\"https:\/\/www.thecanadianencyclopedia.ca\/fr\/article\/elevage-porcin-1\"><span class=\"s1\">\u00c9levage porcin | L&#8217;Encyclop\u00e9die canadienne<\/span><\/a><\/li><li class=\"p9\"><a href=\"https:\/\/cancer.ca\/en\/cancer-information\/reduce-your-risk\/eat-well\/limit-red-and-processed-meat\"><span class=\"s1\">Limiter la viande rouge et transform\u00e9e | Soci\u00e9t\u00e9 canadienne du cancer (en anglais)<\/span><\/a><\/li><\/ul>\t\t\t\t\t\t\t\t<\/div>\n\t\t\t\t<\/div>\n\t\t\t\t\t<\/div>\n\t\t<\/div>\n\t\t\t\t\t<\/div>\n\t\t<\/section>\n\t\t\t\t<\/div>","protected":false},"excerpt":{"rendered":"<p>Pigs In Canada, almost 22 Million pigs were slaughtered in 2021. Canada also exported over 6.5 Million pigs to other countries for slaughter. Manitoba is the largest pig producing province in Canada, responsible for about 30% of all production. Canada is the 3rd\u00a0largest exporter of live pigs. Manitoba is the largest exporter and is the [&hellip;]<\/p>","protected":false},"author":7,"featured_media":0,"parent":0,"menu_order":0,"comment_status":"closed","ping_status":"closed","template":"elementor_header_footer","meta":{"give_campaign_id":0,"site-sidebar-layout":"no-sidebar","site-content-layout":"page-builder","ast-site-content-layout":"default","site-content-style":"default","site-sidebar-style":"default","ast-global-header-display":"","ast-banner-title-visibility":"","ast-main-header-display":"","ast-hfb-above-header-display":"","ast-hfb-below-header-display":"","ast-hfb-mobile-header-display":"","site-post-title":"disabled","ast-breadcrumbs-content":"","ast-featured-img":"disabled","footer-sml-layout":"","ast-disable-related-posts":"","theme-transparent-header-meta":"","adv-header-id-meta":"","stick-header-meta":"","header-above-stick-meta":"","header-main-stick-meta":"","header-below-stick-meta":"","astra-migrate-meta-layouts":"default","ast-page-background-enabled":"default","ast-page-background-meta":{"desktop":{"background-color":"var(--ast-global-color-4)","background-image":"","background-repeat":"repeat","background-position":"center center","background-size":"auto","background-attachment":"scroll","background-type":"","background-media":"","overlay-type":"","overlay-color":"","overlay-opacity":"","overlay-gradient":""},"tablet":{"background-color":"","background-image":"","background-repeat":"repeat","background-position":"center center","background-size":"auto","background-attachment":"scroll","background-type":"","background-media":"","overlay-type":"","overlay-color":"","overlay-opacity":"","overlay-gradient":""},"mobile":{"background-color":"","background-image":"","background-repeat":"repeat","background-position":"center center","background-size":"auto","background-attachment":"scroll","background-type":"","background-media":"","overlay-type":"","overlay-color":"","overlay-opacity":"","overlay-gradient":""}},"ast-content-background-meta":{"desktop":{"background-color":"var(--ast-global-color-5)","background-image":"","background-repeat":"repeat","background-position":"center center","background-size":"auto","background-attachment":"scroll","background-type":"","background-media":"","overlay-type":"","overlay-color":"","overlay-opacity":"","overlay-gradient":""},"tablet":{"background-color":"var(--ast-global-color-5)","background-image":"","background-repeat":"repeat","background-position":"center center","background-size":"auto","background-attachment":"scroll","background-type":"","background-media":"","overlay-type":"","overlay-color":"","overlay-opacity":"","overlay-gradient":""},"mobile":{"background-color":"var(--ast-global-color-5)","background-image":"","background-repeat":"repeat","background-position":"center center","background-size":"auto","background-attachment":"scroll","background-type":"","background-media":"","overlay-type":"","overlay-color":"","overlay-opacity":"","overlay-gradient":""}},"footnotes":""},"class_list":["post-1208","page","type-page","status-publish","hentry"],"campaignId":"","_links":{"self":[{"href":"https:\/\/www.humanefood.ca\/fr\/wp-json\/wp\/v2\/pages\/1208","targetHints":{"allow":["GET"]}}],"collection":[{"href":"https:\/\/www.humanefood.ca\/fr\/wp-json\/wp\/v2\/pages"}],"about":[{"href":"https:\/\/www.humanefood.ca\/fr\/wp-json\/wp\/v2\/types\/page"}],"author":[{"embeddable":true,"href":"https:\/\/www.humanefood.ca\/fr\/wp-json\/wp\/v2\/users\/7"}],"replies":[{"embeddable":true,"href":"https:\/\/www.humanefood.ca\/fr\/wp-json\/wp\/v2\/comments?post=1208"}],"version-history":[{"count":5,"href":"https:\/\/www.humanefood.ca\/fr\/wp-json\/wp\/v2\/pages\/1208\/revisions"}],"predecessor-version":[{"id":3812,"href":"https:\/\/www.humanefood.ca\/fr\/wp-json\/wp\/v2\/pages\/1208\/revisions\/3812"}],"wp:attachment":[{"href":"https:\/\/www.humanefood.ca\/fr\/wp-json\/wp\/v2\/media?parent=1208"}],"curies":[{"name":"wp","href":"https:\/\/api.w.org\/{rel}","templated":true}]}}