{"id":1911,"date":"2022-09-01T15:04:47","date_gmt":"2022-09-01T15:04:47","guid":{"rendered":"https:\/\/codepaperclient.com\/ccffa\/?page_id=1911"},"modified":"2022-11-07T13:56:17","modified_gmt":"2022-11-07T13:56:17","slug":"laying-hens","status":"publish","type":"page","link":"https:\/\/www.humanefood.ca\/fr\/laying-hens\/","title":{"rendered":"Poules pondeuses"},"content":{"rendered":"<div data-elementor-type=\"wp-page\" data-elementor-id=\"1911\" class=\"elementor elementor-1911\" data-elementor-post-type=\"page\">\n\t\t\t\t\t\t<section class=\"elementor-section elementor-top-section elementor-element elementor-element-445e1e6 elementor-section-height-min-height elementor-section-boxed elementor-section-height-default elementor-section-items-middle\" data-id=\"445e1e6\" data-element_type=\"section\" data-settings=\"{&quot;background_background&quot;:&quot;classic&quot;}\">\n\t\t\t\t\t\t<div class=\"elementor-container elementor-column-gap-default\">\n\t\t\t\t\t<div class=\"elementor-column elementor-col-100 elementor-top-column elementor-element elementor-element-0e3b198\" data-id=\"0e3b198\" data-element_type=\"column\">\n\t\t\t<div class=\"elementor-widget-wrap\">\n\t\t\t\t\t\t\t<\/div>\n\t\t<\/div>\n\t\t\t\t\t<\/div>\n\t\t<\/section>\n\t\t\t\t<section class=\"elementor-section elementor-top-section elementor-element elementor-element-432873d elementor-section-boxed elementor-section-height-default elementor-section-height-default\" data-id=\"432873d\" data-element_type=\"section\">\n\t\t\t\t\t\t<div class=\"elementor-container elementor-column-gap-default\">\n\t\t\t\t\t<div class=\"elementor-column elementor-col-100 elementor-top-column elementor-element elementor-element-7dfa92c\" data-id=\"7dfa92c\" data-element_type=\"column\">\n\t\t\t<div class=\"elementor-widget-wrap elementor-element-populated\">\n\t\t\t\t\t\t<div class=\"elementor-element elementor-element-beadf42 elementor-widget elementor-widget-heading\" data-id=\"beadf42\" data-element_type=\"widget\" data-widget_type=\"heading.default\">\n\t\t\t\t<div class=\"elementor-widget-container\">\n\t\t\t\t\t<h2 class=\"elementor-heading-title elementor-size-default\">Poules pondeuses<\/h2>\t\t\t\t<\/div>\n\t\t\t\t<\/div>\n\t\t\t\t<div class=\"elementor-element elementor-element-2a08305 elementor-widget elementor-widget-text-editor\" data-id=\"2a08305\" data-element_type=\"widget\" data-widget_type=\"text-editor.default\">\n\t\t\t\t<div class=\"elementor-widget-container\">\n\t\t\t\t\t\t\t\t\t<p>Plus de 90 pour cent des 26 millions de poules pondeuses du Canada sont confin\u00e9es dans de petites cages \u00ab en batterie \u00bb exigu\u00ebs avec de quatre \u00e0 dix autres poules o\u00f9 elles sont incapables d'accomplir l'un de leurs comportements naturels comme \u00e9tirer leurs ailes, se d\u00e9placer , nicher, se percher ou se baigner dans la poussi\u00e8re. Chaque oiseau a moins d'espace qu'une feuille de papier de cahier.<\/p><p>Les poules sont oblig\u00e9es de se tenir debout sur des sols grillag\u00e9s en pente, ce qui leur cause des blessures aux pieds et des d\u00e9formations. Ils souffrent de perte de plumes et de l\u00e9sions cutan\u00e9es en raison du frottement constant contre la cage et du picage des plumes caus\u00e9 par le stress d'autres poules confin\u00e9es dans la m\u00eame cage. Elles souffrent d'un stress \u00e9norme d\u00fb \u00e0 l'incapacit\u00e9 de se d\u00e9placer, de d\u00e9ployer leurs ailes, des expressions vocales constantes d'autres poules stress\u00e9es, du picage douloureux des plumes et du manque d'interaction sociale.<\/p><p>Les poules endurent la proc\u00e9dure douloureuse d'avoir leur bec partiellement d\u00e9capit\u00e9 sans analg\u00e9siques lorsqu'elles sont \u00e2g\u00e9es de quelques jours. Les poules souffrent de douleurs fractures du sternum \u00e0 la quille qui se produisent lorsque des \u0153ufs de plus en plus gros sont pondus par des poules de taille normale et le nombre immense d'\u0153ufs que chaque poule pond en un an. Les poules sont vou\u00e9es \u00e0 une vie de douleur \u00e0 cause de ces fractures.<\/p><p>Une poule de batterie peut pondre jusqu'\u00e0 320 \u0153ufs la premi\u00e8re ann\u00e9e apr\u00e8s avoir commenc\u00e9 \u00e0 pondre, mais sa productivit\u00e9 commence \u00e0 baisser par la suite. Les poules \"\u00e9puis\u00e9es\" sont ensuite abattues g\u00e9n\u00e9ralement apr\u00e8s 12 mois pour les sous-produits de poulet ou le compost. Les poules au Canada pondent 9 milliards d'\u0153ufs chaque ann\u00e9e.<\/p><p>Au Canada, la lenteur de l'interdiction des cages en batterie a prolong\u00e9 la souffrance des poules pondeuses. Les directives volontaires appellent \u00e0 une interdiction de 50% des cages conventionnelles d'ici 2025 et \u00e0 100% seulement d'ici 2036, mais autorisent le d\u00e9placement des poules vers des \u00abcages am\u00e9nag\u00e9es\u00bb comme alternative. Les \u00abcages enrichies\u00bb, qui ne sont pas une option humaine, permettent de regrouper beaucoup plus de poules, offrant \u00e0 chacune d'elles une augmentation minimale de l'espace. Peu de grandes entreprises sont sur le point d'atteindre l'objectif de 50 %. Le Conseil canadien du commerce de d\u00e9tail est revenu sur un engagement ant\u00e9rieur d'interdire \u00e0 100 % les cages en batterie d'ici 2025.<\/p><p><strong>R\u00e9f\u00e9rences:\u00a0<\/strong><\/p><p><a href=\"https:\/\/spca.bc.ca\/news\/achieving-higher-welfare-for-hens\/\">Sortir de la cage : Atteindre un meilleur bien-\u00eatre pour les poules pondeuses au Canada (en anglais)<\/a><\/p><p><a href=\"https:\/\/www.nfacc.ca\/code-de-pratiques-pour-la-volaille\">Code de pratiques pour le soin et la manipulation des poulettes et des poules pondeuses<\/a><\/p><p><a href=\"https:\/\/humanecanada.ca\/about-us\/media\/canadas-battery-cage-phase-out-officially-begins\/\">L'\u00e9limination progressive des cages en batterie au Canada commence officiellement (en anglais)<\/a><\/p>\t\t\t\t\t\t\t\t<\/div>\n\t\t\t\t<\/div>\n\t\t\t\t\t<\/div>\n\t\t<\/div>\n\t\t\t\t\t<\/div>\n\t\t<\/section>\n\t\t\t\t<\/div>","protected":false},"excerpt":{"rendered":"<p>Laying Hens More than 90 per cent of Canada\u2019s 26 million egg-laying hens are confined to small, cramped \u201cbattery\u201d cages with anywhere from four to ten other hens where they are unable to perform any of their natural behaviours such as stretching their wings, moving around, nesting, perching or dust bathing. Each bird has less [&hellip;]<\/p>","protected":false},"author":7,"featured_media":0,"parent":0,"menu_order":0,"comment_status":"closed","ping_status":"closed","template":"elementor_header_footer","meta":{"give_campaign_id":0,"site-sidebar-layout":"no-sidebar","site-content-layout":"page-builder","ast-site-content-layout":"default","site-content-style":"default","site-sidebar-style":"default","ast-global-header-display":"","ast-banner-title-visibility":"","ast-main-header-display":"","ast-hfb-above-header-display":"","ast-hfb-below-header-display":"","ast-hfb-mobile-header-display":"","site-post-title":"disabled","ast-breadcrumbs-content":"","ast-featured-img":"disabled","footer-sml-layout":"","ast-disable-related-posts":"","theme-transparent-header-meta":"","adv-header-id-meta":"","stick-header-meta":"","header-above-stick-meta":"","header-main-stick-meta":"","header-below-stick-meta":"","astra-migrate-meta-layouts":"default","ast-page-background-enabled":"default","ast-page-background-meta":{"desktop":{"background-color":"var(--ast-global-color-4)","background-image":"","background-repeat":"repeat","background-position":"center center","background-size":"auto","background-attachment":"scroll","background-type":"","background-media":"","overlay-type":"","overlay-color":"","overlay-opacity":"","overlay-gradient":""},"tablet":{"background-color":"","background-image":"","background-repeat":"repeat","background-position":"center center","background-size":"auto","background-attachment":"scroll","background-type":"","background-media":"","overlay-type":"","overlay-color":"","overlay-opacity":"","overlay-gradient":""},"mobile":{"background-color":"","background-image":"","background-repeat":"repeat","background-position":"center center","background-size":"auto","background-attachment":"scroll","background-type":"","background-media":"","overlay-type":"","overlay-color":"","overlay-opacity":"","overlay-gradient":""}},"ast-content-background-meta":{"desktop":{"background-color":"var(--ast-global-color-5)","background-image":"","background-repeat":"repeat","background-position":"center center","background-size":"auto","background-attachment":"scroll","background-type":"","background-media":"","overlay-type":"","overlay-color":"","overlay-opacity":"","overlay-gradient":""},"tablet":{"background-color":"var(--ast-global-color-5)","background-image":"","background-repeat":"repeat","background-position":"center center","background-size":"auto","background-attachment":"scroll","background-type":"","background-media":"","overlay-type":"","overlay-color":"","overlay-opacity":"","overlay-gradient":""},"mobile":{"background-color":"var(--ast-global-color-5)","background-image":"","background-repeat":"repeat","background-position":"center center","background-size":"auto","background-attachment":"scroll","background-type":"","background-media":"","overlay-type":"","overlay-color":"","overlay-opacity":"","overlay-gradient":""}},"footnotes":""},"class_list":["post-1911","page","type-page","status-publish","hentry"],"campaignId":"","_links":{"self":[{"href":"https:\/\/www.humanefood.ca\/fr\/wp-json\/wp\/v2\/pages\/1911","targetHints":{"allow":["GET"]}}],"collection":[{"href":"https:\/\/www.humanefood.ca\/fr\/wp-json\/wp\/v2\/pages"}],"about":[{"href":"https:\/\/www.humanefood.ca\/fr\/wp-json\/wp\/v2\/types\/page"}],"author":[{"embeddable":true,"href":"https:\/\/www.humanefood.ca\/fr\/wp-json\/wp\/v2\/users\/7"}],"replies":[{"embeddable":true,"href":"https:\/\/www.humanefood.ca\/fr\/wp-json\/wp\/v2\/comments?post=1911"}],"version-history":[{"count":5,"href":"https:\/\/www.humanefood.ca\/fr\/wp-json\/wp\/v2\/pages\/1911\/revisions"}],"predecessor-version":[{"id":3799,"href":"https:\/\/www.humanefood.ca\/fr\/wp-json\/wp\/v2\/pages\/1911\/revisions\/3799"}],"wp:attachment":[{"href":"https:\/\/www.humanefood.ca\/fr\/wp-json\/wp\/v2\/media?parent=1911"}],"curies":[{"name":"wp","href":"https:\/\/api.w.org\/{rel}","templated":true}]}}