{"id":1937,"date":"2022-09-01T15:24:58","date_gmt":"2022-09-01T15:24:58","guid":{"rendered":"https:\/\/codepaperclient.com\/ccffa\/?page_id=1937"},"modified":"2022-10-19T18:41:50","modified_gmt":"2022-10-19T18:41:50","slug":"unsustainable-agriculture","status":"publish","type":"page","link":"https:\/\/www.humanefood.ca\/fr\/unsustainable-agriculture\/","title":{"rendered":"Agriculture non durable"},"content":{"rendered":"<div data-elementor-type=\"wp-page\" data-elementor-id=\"1937\" class=\"elementor elementor-1937\" data-elementor-post-type=\"page\">\n\t\t\t\t\t\t<section class=\"elementor-section elementor-top-section elementor-element elementor-element-445e1e6 elementor-section-height-min-height elementor-section-boxed elementor-section-height-default elementor-section-items-middle\" data-id=\"445e1e6\" data-element_type=\"section\" data-settings=\"{&quot;background_background&quot;:&quot;classic&quot;}\">\n\t\t\t\t\t\t<div class=\"elementor-container elementor-column-gap-default\">\n\t\t\t\t\t<div class=\"elementor-column elementor-col-100 elementor-top-column elementor-element elementor-element-0e3b198\" data-id=\"0e3b198\" data-element_type=\"column\">\n\t\t\t<div class=\"elementor-widget-wrap elementor-element-populated\">\n\t\t\t\t\t\t<div class=\"elementor-element elementor-element-e23ee2a elementor-widget elementor-widget-heading\" data-id=\"e23ee2a\" data-element_type=\"widget\" data-widget_type=\"heading.default\">\n\t\t\t\t<div class=\"elementor-widget-container\">\n\t\t\t\t\t<p class=\"elementor-heading-title elementor-size-default\">Photo: Humane League<\/p>\t\t\t\t<\/div>\n\t\t\t\t<\/div>\n\t\t\t\t\t<\/div>\n\t\t<\/div>\n\t\t\t\t\t<\/div>\n\t\t<\/section>\n\t\t\t\t<section class=\"elementor-section elementor-top-section elementor-element elementor-element-432873d elementor-section-boxed elementor-section-height-default elementor-section-height-default\" data-id=\"432873d\" data-element_type=\"section\">\n\t\t\t\t\t\t<div class=\"elementor-container elementor-column-gap-default\">\n\t\t\t\t\t<div class=\"elementor-column elementor-col-100 elementor-top-column elementor-element elementor-element-7dfa92c\" data-id=\"7dfa92c\" data-element_type=\"column\">\n\t\t\t<div class=\"elementor-widget-wrap elementor-element-populated\">\n\t\t\t\t\t\t<div class=\"elementor-element elementor-element-beadf42 elementor-widget elementor-widget-heading\" data-id=\"beadf42\" data-element_type=\"widget\" data-widget_type=\"heading.default\">\n\t\t\t\t<div class=\"elementor-widget-container\">\n\t\t\t\t\t<h2 class=\"elementor-heading-title elementor-size-default\">Agriculture non durable<\/h2>\t\t\t\t<\/div>\n\t\t\t\t<\/div>\n\t\t\t\t<div class=\"elementor-element elementor-element-2a08305 elementor-widget elementor-widget-text-editor\" data-id=\"2a08305\" data-element_type=\"widget\" data-widget_type=\"text-editor.default\">\n\t\t\t\t<div class=\"elementor-widget-container\">\n\t\t\t\t\t\t\t\t\t<p>Le CCPAF se concentre sur le bien-\u00eatre des animaux \u00e9lev\u00e9s pour l'alimentation. Il y a cependant un autre aspect qui m\u00e9rite d'\u00eatre discut\u00e9. C'est pourquoi les pratiques d'\u00e9levage et d'alimentation des animaux et de traitement de leurs d\u00e9chets ne sont pas durables - pour le dire simplement, <strong>cela conduira \u00e0 des conditions o\u00f9 cela ne pourra pas \u00eatre fait du tout.<\/strong><\/p>\n<p>Remplacer les fermes \u00e0 petite \u00e9chelle, o\u00f9 une vari\u00e9t\u00e9 de cultures et d'animaux \u00e9taient \u00e9lev\u00e9s en congruence avec des fermes \u00e0 culture unique et \"<a href=\"https:\/\/www.ucsusa.org\/resources\/hidden-costs-industrial-agriculture\">installations de production animale (en anglais)<\/a>\", l'\u00e9levage industriel a cr\u00e9\u00e9 des probl\u00e8mes \u00e9conomiques, des probl\u00e8mes de sant\u00e9 publique, des conditions inhumaines pour des milliards d'animaux et une \u00e9norme dette carbone sur le syst\u00e8me agricole mondial.<\/p>\n<p>Il fut un temps (avant l'\u00e9levage industriel ou les op\u00e9rations concentr\u00e9es d'alimentation animale (CAFO) o\u00f9 les cultures et les animaux \u00e9taient altern\u00e9s entre les champs, les animaux paissant et fertilisant les zones qui ont ensuite \u00e9t\u00e9 utilis\u00e9es pour diff\u00e9rentes cultures. Certains agriculteurs utilisent encore ces m\u00e9thodes \u00e9prouv\u00e9es mais ont du mal \u00e0 \u00eatre comp\u00e9titifs. avec les grandes entreprises.<\/p>\n<p>Dans les op\u00e9rations intenses d'aujourd'hui, les animaux et la nourriture sont \u00e9lev\u00e9s s\u00e9par\u00e9ment, ce qui entra\u00eene plusieurs probl\u00e8mes<\/p>\n<p><b>Les principaux enjeux :<\/b><\/p>\n<ul>\n<li>Besoin d'engrais commerciaux qui d\u00e9truisent les micro-organismes essentiels \u00e0 la sant\u00e9 du sol.<\/li>\n<li>Monoculture \u2013 cultiver une seule culture \u00e0 la fois, ce qui peut augmenter les \u00e9pid\u00e9mies de maladies et de ravageurs.<\/li>\n<li>La monoculture \u2013 cultiver la m\u00eame culture ann\u00e9e apr\u00e8s ann\u00e9e \u2013 intensifie les risques de maladies et de ravageurs.<\/li>\n<li>Organismes g\u00e9n\u00e9tiquement modifi\u00e9s (OGM) \u2013 nocifs pour l'homme et l'environnement.<\/li>\n<li>D\u00e9frichement de la v\u00e9g\u00e9tation naturelle pour faire place aux cultures destin\u00e9es \u00e0 nourrir les animaux<\/li>\n<li>Fumier de dispersion<\/li>\n<\/ul>\n<p><span data-contrast=\"auto\">Non seulement les m\u00e9thodes agricoles d'aujourd'hui ne sont pas durables, mais elles sont \u00e9galement d\u00e9vastatrices pour l'environnement.&nbsp; <\/span><a href=\"https:\/\/www.fao.org\/3\/a0701e\/a0701e00.htm\"><span data-contrast=\"none\">Livestock&#8217;s Long Shadow<\/span><\/a><span data-contrast=\"auto\"> le rapport s\u00e9minal de l'ORGANISATION DES NATIONS UNIES POUR L'ALIMENTATION ET L'AGRICULTURE (FAO) est une \u00e9valuation des impacts directs de la production animale, ainsi que des impacts de la culture de cultures fourrag\u00e8res sur&nbsp; <\/span><a href=\"https:\/\/en.wikipedia.org\/wiki\/Land_degradation\"><span data-contrast=\"none\">d\u00e9gradation du terrain<\/span><\/a><span data-contrast=\"auto\">, <\/span><a href=\"https:\/\/en.wikipedia.org\/wiki\/Climate_change\"><span data-contrast=\"none\">Changement climatique<\/span><\/a><span data-contrast=\"auto\"> et <\/span><a href=\"https:\/\/en.wikipedia.org\/wiki\/Air_pollution\"><span data-contrast=\"none\">la pollution de l'air<\/span><\/a><span data-contrast=\"auto\">, <\/span><a href=\"https:\/\/en.wikipedia.org\/wiki\/Water_shortage\"><span data-contrast=\"none\">p\u00e9nurie d'eau<\/span><\/a><span data-contrast=\"auto\"> et <\/span><a href=\"https:\/\/en.wikipedia.org\/wiki\/Water_pollution\"><span data-contrast=\"none\">pollution de l'eau<\/span><\/a><span data-contrast=\"auto\">, and <\/span><a href=\"https:\/\/en.wikipedia.org\/wiki\/Biodiversity_loss\"><span data-contrast=\"none\">perte de biodiversit\u00e9 (tous les liens sont en anglais)<\/span><\/a><span data-contrast=\"auto\">.<\/span><span data-ccp-props=\"{&quot;201341983&quot;:0,&quot;335559739&quot;:160,&quot;335559740&quot;:259}\">&nbsp;<\/span><\/p>\n<p><span style=\"font-style: inherit; font-weight: inherit; background-color: var(--ast-global-color-5);\" data-contrast=\"auto\">Il existe de nombreux articles en ligne sur ces questions. Voici quelques exemples.<\/span><span style=\"font-style: inherit; font-weight: inherit; background-color: var(--ast-global-color-5);\" data-ccp-props=\"{&quot;201341983&quot;:0,&quot;335559739&quot;:160,&quot;335559740&quot;:259}\">&nbsp;<\/span><\/p>\n<p><strong>R\u00e9f\u00e9rences:&nbsp;<\/strong><\/p>\n<p><a href=\"https:\/\/www.farmmanagement.pro\/popular-unsustainable-techniques-used-in-modern-agriculture\/\"><span data-contrast=\"none\">Gestion de la ferme (en anglais)<\/span><\/a><span data-ccp-props=\"{&quot;201341983&quot;:0,&quot;335559739&quot;:160,&quot;335559740&quot;:259}\">&nbsp;<\/span><\/p>\n<p><a href=\"https:\/\/www.unep.org\/fr\/actualites-et-recits\/recit\/10-choses-savoir-au-sujet-de-lagriculture-industrielle\"><span data-contrast=\"none\">Programme des Nations Unies pour l'environnement<\/span><\/a><span data-contrast=\"auto\">&nbsp;<\/span><span data-ccp-props=\"{&quot;201341983&quot;:0,&quot;335559739&quot;:160,&quot;335559740&quot;:259}\">&nbsp;<\/span><\/p>\n<p><a href=\"https:\/\/www.worldwildlife.org\/industries\/sustainable-agriculture\"><span data-contrast=\"none\">Fonds mondial pour la nature (en anglais)<\/span><\/a><span data-ccp-props=\"{&quot;201341983&quot;:0,&quot;335559739&quot;:160,&quot;335559740&quot;:259}\">&nbsp;<\/span><\/p>\n<p><a href=\"https:\/\/ourworldindata.org\/environmental-impacts-of-food\"><span data-contrast=\"none\">Notre monde en donn\u00e9es (en anglais)<\/span><\/a><span data-ccp-props=\"{&quot;201341983&quot;:0,&quot;335559739&quot;:160,&quot;335559740&quot;:259}\">&nbsp;<\/span><\/p>\n<p><a href=\"https:\/\/www.onegreenplanet.org\/\">Une plan\u00e8te verte (en anglais)<\/a><\/p>\t\t\t\t\t\t\t\t<\/div>\n\t\t\t\t<\/div>\n\t\t\t\t\t<\/div>\n\t\t<\/div>\n\t\t\t\t\t<\/div>\n\t\t<\/section>\n\t\t\t\t<\/div>","protected":false},"excerpt":{"rendered":"<p>Photo: Humane League Unsustainable Agriculture CCFA\u2019s focus is on the welfare of animals raised for food. There is, though, another aspect that is worth discussing. That is why the practices for growing and feeding the animals and dealing with their waste are not sustainable\u2013to put it simply, it will lead to conditions where it cannot [&hellip;]<\/p>","protected":false},"author":7,"featured_media":0,"parent":0,"menu_order":0,"comment_status":"closed","ping_status":"closed","template":"elementor_header_footer","meta":{"give_campaign_id":0,"site-sidebar-layout":"no-sidebar","site-content-layout":"page-builder","ast-site-content-layout":"default","site-content-style":"default","site-sidebar-style":"default","ast-global-header-display":"","ast-banner-title-visibility":"","ast-main-header-display":"","ast-hfb-above-header-display":"","ast-hfb-below-header-display":"","ast-hfb-mobile-header-display":"","site-post-title":"disabled","ast-breadcrumbs-content":"","ast-featured-img":"disabled","footer-sml-layout":"","ast-disable-related-posts":"","theme-transparent-header-meta":"","adv-header-id-meta":"","stick-header-meta":"","header-above-stick-meta":"","header-main-stick-meta":"","header-below-stick-meta":"","astra-migrate-meta-layouts":"default","ast-page-background-enabled":"default","ast-page-background-meta":{"desktop":{"background-color":"var(--ast-global-color-4)","background-image":"","background-repeat":"repeat","background-position":"center center","background-size":"auto","background-attachment":"scroll","background-type":"","background-media":"","overlay-type":"","overlay-color":"","overlay-opacity":"","overlay-gradient":""},"tablet":{"background-color":"","background-image":"","background-repeat":"repeat","background-position":"center center","background-size":"auto","background-attachment":"scroll","background-type":"","background-media":"","overlay-type":"","overlay-color":"","overlay-opacity":"","overlay-gradient":""},"mobile":{"background-color":"","background-image":"","background-repeat":"repeat","background-position":"center center","background-size":"auto","background-attachment":"scroll","background-type":"","background-media":"","overlay-type":"","overlay-color":"","overlay-opacity":"","overlay-gradient":""}},"ast-content-background-meta":{"desktop":{"background-color":"var(--ast-global-color-5)","background-image":"","background-repeat":"repeat","background-position":"center center","background-size":"auto","background-attachment":"scroll","background-type":"","background-media":"","overlay-type":"","overlay-color":"","overlay-opacity":"","overlay-gradient":""},"tablet":{"background-color":"var(--ast-global-color-5)","background-image":"","background-repeat":"repeat","background-position":"center center","background-size":"auto","background-attachment":"scroll","background-type":"","background-media":"","overlay-type":"","overlay-color":"","overlay-opacity":"","overlay-gradient":""},"mobile":{"background-color":"var(--ast-global-color-5)","background-image":"","background-repeat":"repeat","background-position":"center center","background-size":"auto","background-attachment":"scroll","background-type":"","background-media":"","overlay-type":"","overlay-color":"","overlay-opacity":"","overlay-gradient":""}},"footnotes":""},"class_list":["post-1937","page","type-page","status-publish","hentry"],"campaignId":"","_links":{"self":[{"href":"https:\/\/www.humanefood.ca\/fr\/wp-json\/wp\/v2\/pages\/1937","targetHints":{"allow":["GET"]}}],"collection":[{"href":"https:\/\/www.humanefood.ca\/fr\/wp-json\/wp\/v2\/pages"}],"about":[{"href":"https:\/\/www.humanefood.ca\/fr\/wp-json\/wp\/v2\/types\/page"}],"author":[{"embeddable":true,"href":"https:\/\/www.humanefood.ca\/fr\/wp-json\/wp\/v2\/users\/7"}],"replies":[{"embeddable":true,"href":"https:\/\/www.humanefood.ca\/fr\/wp-json\/wp\/v2\/comments?post=1937"}],"version-history":[{"count":5,"href":"https:\/\/www.humanefood.ca\/fr\/wp-json\/wp\/v2\/pages\/1937\/revisions"}],"predecessor-version":[{"id":3609,"href":"https:\/\/www.humanefood.ca\/fr\/wp-json\/wp\/v2\/pages\/1937\/revisions\/3609"}],"wp:attachment":[{"href":"https:\/\/www.humanefood.ca\/fr\/wp-json\/wp\/v2\/media?parent=1937"}],"curies":[{"name":"wp","href":"https:\/\/api.w.org\/{rel}","templated":true}]}}