{"id":2197,"date":"2022-09-07T11:32:27","date_gmt":"2022-09-07T11:32:27","guid":{"rendered":"https:\/\/codepaperclient.com\/ccffa\/?page_id=2197"},"modified":"2022-10-17T05:38:32","modified_gmt":"2022-10-17T05:38:32","slug":"dairy-cows","status":"publish","type":"page","link":"https:\/\/www.humanefood.ca\/fr\/dairy-cows\/","title":{"rendered":"Vaches laiti\u00e8res"},"content":{"rendered":"<div data-elementor-type=\"wp-page\" data-elementor-id=\"2197\" class=\"elementor elementor-2197\" data-elementor-post-type=\"page\">\n\t\t\t\t\t\t<section class=\"elementor-section elementor-top-section elementor-element elementor-element-445e1e6 elementor-section-height-min-height elementor-section-boxed elementor-section-height-default elementor-section-items-middle\" data-id=\"445e1e6\" data-element_type=\"section\" data-settings=\"{&quot;background_background&quot;:&quot;classic&quot;}\">\n\t\t\t\t\t\t<div class=\"elementor-container elementor-column-gap-default\">\n\t\t\t\t\t<div class=\"elementor-column elementor-col-100 elementor-top-column elementor-element elementor-element-0e3b198\" data-id=\"0e3b198\" data-element_type=\"column\">\n\t\t\t<div class=\"elementor-widget-wrap elementor-element-populated\">\n\t\t\t\t\t\t<div class=\"elementor-element elementor-element-74f4a93 elementor-widget elementor-widget-heading\" data-id=\"74f4a93\" data-element_type=\"widget\" data-widget_type=\"heading.default\">\n\t\t\t\t<div class=\"elementor-widget-container\">\n\t\t\t\t\t<p class=\"elementor-heading-title elementor-size-default\">Photo: Pia Sarker<\/p>\t\t\t\t<\/div>\n\t\t\t\t<\/div>\n\t\t\t\t<div class=\"elementor-element elementor-element-ed81f81 elementor-widget elementor-widget-heading\" data-id=\"ed81f81\" data-element_type=\"widget\" data-widget_type=\"heading.default\">\n\t\t\t\t<div class=\"elementor-widget-container\">\n\t\t\t\t\t<p class=\"elementor-heading-title elementor-size-default\">Des vaches laiti\u00e8res de r\u00e9forme de 4 \u00e0 5 ans arrivent \u00e0 un abattoir de Toronto<\/p>\t\t\t\t<\/div>\n\t\t\t\t<\/div>\n\t\t\t\t\t<\/div>\n\t\t<\/div>\n\t\t\t\t\t<\/div>\n\t\t<\/section>\n\t\t\t\t<section class=\"elementor-section elementor-top-section elementor-element elementor-element-432873d elementor-section-boxed elementor-section-height-default elementor-section-height-default\" data-id=\"432873d\" data-element_type=\"section\">\n\t\t\t\t\t\t<div class=\"elementor-container elementor-column-gap-default\">\n\t\t\t\t\t<div class=\"elementor-column elementor-col-100 elementor-top-column elementor-element elementor-element-7dfa92c\" data-id=\"7dfa92c\" data-element_type=\"column\">\n\t\t\t<div class=\"elementor-widget-wrap elementor-element-populated\">\n\t\t\t\t\t\t<div class=\"elementor-element elementor-element-beadf42 elementor-widget elementor-widget-heading\" data-id=\"beadf42\" data-element_type=\"widget\" data-widget_type=\"heading.default\">\n\t\t\t\t<div class=\"elementor-widget-container\">\n\t\t\t\t\t<h2 class=\"elementor-heading-title elementor-size-default\">Vaches laiti\u00e8res<\/h2>\t\t\t\t<\/div>\n\t\t\t\t<\/div>\n\t\t\t\t<div class=\"elementor-element elementor-element-2a08305 elementor-widget elementor-widget-text-editor\" data-id=\"2a08305\" data-element_type=\"widget\" data-widget_type=\"text-editor.default\">\n\t\t\t\t<div class=\"elementor-widget-container\">\n\t\t\t\t\t\t\t\t\t<p><span data-contrast=\"auto\">Le Qu\u00e9bec et l'Ontario ont un total combin\u00e9 de 70 % de toutes les vaches laiti\u00e8res au Canada. En 2021, il y avait 1,4 million de vaches laiti\u00e8res en production au Canada. Chaque ann\u00e9e, 30 \u00e0 40 % de la population totale de vaches laiti\u00e8res sont abattues. Cela \u00e9quivaut \u00e0 environ 500,000 vaches laiti\u00e8res qui sont abattues chaque ann\u00e9e. Ces vaches sont g\u00e9n\u00e9ralement transport\u00e9es aux ench\u00e8res, o\u00f9 elles sont achet\u00e9es puis transport\u00e9es \u00e0 l'abattoir. Certaines vaches sont m\u00eame envoy\u00e9es \u00e0 plusieurs ench\u00e8res avant d'\u00eatre finalement exp\u00e9di\u00e9es \u00e0 l'abattoir. Le d\u00e9lai entre la ferme et l'abattage peut \u00eatre de 7 \u00e0 10 jours. \u00c9tant donn\u00e9 que les vaches de r\u00e9forme ont souvent des probl\u00e8mes de sant\u00e9 sous-jacents ou des blessures, elles courent un risque accru de se d\u00e9t\u00e9riorer pendant le long voyage vers l'abattoir. La viande de vaches laiti\u00e8res est utilis\u00e9e pour le b\u0153uf hach\u00e9 ou les coupes de moindre qualit\u00e9.<\/span><span data-ccp-props=\"{&quot;201341983&quot;:0,&quot;335559739&quot;:200,&quot;335559740&quot;:276}\">\u00a0<\/span><\/p><p><span data-contrast=\"auto\">Au Canada, la grande majorit\u00e9 des vaches laiti\u00e8res passent leur vie dans des fermes industrielles. Les vaches sont entass\u00e9es et confin\u00e9es principalement \u00e0 l'int\u00e9rieur, dans des conditions destin\u00e9es \u00e0 maximiser la production, \u00e0 un co\u00fbt minimal. Certaines de ces fermes appartiennent \u00e0 des familles, mais beaucoup appartiennent \u00e0 de grandes soci\u00e9t\u00e9s avec des centaines d'animaux. Les \u00e9levages industriels ne sont pas d\u00e9finis par leur taille, mais par les syst\u00e8mes utilis\u00e9s pour confiner et \u00e9lever les animaux.<\/span><span data-ccp-props=\"{&quot;201341983&quot;:0,&quot;335559739&quot;:200,&quot;335559740&quot;:276}\">\u00a0<\/span><\/p><p><span data-contrast=\"auto\">Comme les humains, une vache ne produit du lait que lorsqu'elle a mis bas. D\u00e8s l'\u00e2ge de 15 mois, les vaches laiti\u00e8res sont ins\u00e9min\u00e9es artificiellement. Au bout de neuf mois, elles accouchent. Le veau est d\u00e9finitivement s\u00e9par\u00e9 de sa m\u00e8re, quelques heures apr\u00e8s la naissance. Les vaches seront traites pendant 10 mois. Deux mois apr\u00e8s l'accouchement, elles sont \u00e0 nouveau ins\u00e9min\u00e9es et le cycle se r\u00e9p\u00e8te. Cela p\u00e8se tellement sur leur corps qu'ils s'\u00e9puisent et sont souvent st\u00e9riles apr\u00e8s 3 naissances. En moyenne, les vaches laiti\u00e8res donnent naissance \u00e0 deux \u00e0 quatre veaux avant d'\u00eatre \u00e9puis\u00e9es. Les vaches laiti\u00e8res sont g\u00e9n\u00e9ralement envoy\u00e9es \u00e0 l'abattoir \u00e0 l'\u00e2ge de 4 \u00e0 5 ans, ce qui est beaucoup plus jeune que leur esp\u00e9rance de vie naturelle de 20 \u00e0 25 ans. Les veaux femelles sont gard\u00e9s et \u00e9lev\u00e9s pour remplacer ceux qui sont envoy\u00e9s \u00e0 l'abattoir. Les veaux m\u00e2les sont soit abattus quelques heures apr\u00e8s la naissance, soit engraiss\u00e9s et envoy\u00e9s \u00e0 l'abattoir comme veaux.<\/span><span data-ccp-props=\"{&quot;201341983&quot;:0,&quot;335559739&quot;:200,&quot;335559740&quot;:276}\">\u00a0<\/span><\/p><p><span data-ccp-props=\"{&quot;201341983&quot;:0,&quot;335559739&quot;:200,&quot;335559740&quot;:276}\">\u00a0<\/span><span style=\"font-style: inherit; font-weight: inherit; background-color: var(--ast-global-color-5);\" data-contrast=\"auto\">Les principales pr\u00e9occupations pour le bien-\u00eatre des vaches laiti\u00e8res sont :<\/span><span style=\"font-style: inherit; font-weight: inherit; background-color: var(--ast-global-color-5);\" data-ccp-props=\"{&quot;201341983&quot;:0,&quot;335559739&quot;:200,&quot;335559740&quot;:276}\">\u00a0<\/span><\/p><p><span data-contrast=\"auto\">La s\u00e9paration vache-veau dans les heures qui suivent la naissance provoque une grande d\u00e9tresse pour la m\u00e8re et le veau.<\/span><span data-ccp-props=\"{&quot;201341983&quot;:0,&quot;335559739&quot;:200,&quot;335559740&quot;:276}\">\u00a0<\/span><\/p><p><span data-contrast=\"auto\">Les stabulations entrav\u00e9es o\u00f9 les vaches sont gard\u00e9es dans des stabulations individuelles, avec un minimum d'occasions de faire de l'exercice, de socialiser, de se toiletter ou de se livrer \u00e0 d'autres comportements naturels importants.<\/span><span data-ccp-props=\"{&quot;201341983&quot;:0,&quot;335559739&quot;:200,&quot;335559740&quot;:276}\">\u00a0<\/span><\/p><p><span data-contrast=\"auto\">Les stabulations entrav\u00e9es \u00e0 \u00e9lectrochocs entrav\u00e9s sont utilis\u00e9s au Canada, mais certains pays europ\u00e9ens les ont interdits.<\/span><span data-ccp-props=\"{&quot;201341983&quot;:0,&quot;335559739&quot;:200,&quot;335559740&quot;:276}\">\u00a0<\/span><\/p><p><span data-contrast=\"auto\">La mammite est une inflammation du pis caus\u00e9e par une infection bact\u00e9rienne lorsqu'une hygi\u00e8ne et une gestion appropri\u00e9es ne sont pas suivies. C'est tr\u00e8s douloureux et peut causer d'autres probl\u00e8mes.<\/span><span data-ccp-props=\"{&quot;201341983&quot;:0,&quot;335559739&quot;:200,&quot;335559740&quot;:276}\">\u00a0<\/span><\/p><p><span data-contrast=\"auto\">La boiterie est caus\u00e9e par le manque de literie appropri\u00e9e pour le confort, la station debout pendant de longues p\u00e9riodes sur des surfaces dures et les blessures caus\u00e9es par des glissades sur des sols mouill\u00e9s. Ceux-ci entra\u00eenent une mobilit\u00e9 r\u00e9duite, une consommation alimentaire inf\u00e9rieure, une production laiti\u00e8re r\u00e9duite, un succ\u00e8s de reproduction plus faible et un abattage pr\u00e9coce.<\/span><span data-ccp-props=\"{&quot;201341983&quot;:0,&quot;335559739&quot;:200,&quot;335559740&quot;:276}\">\u00a0<\/span><\/p><p><span data-contrast=\"auto\">Les antibiotiques sont approuv\u00e9s pour une utilisation chez les vaches laiti\u00e8res canadiennes. 85 % des fermes laiti\u00e8res canadiennes les utilisent pour traiter les mammites, les maladies respiratoires et diarrh\u00e9iques. Les microbes r\u00e9sistants aux m\u00e9dicaments g\u00e9n\u00e9r\u00e9s chez les vaches laiti\u00e8res peuvent \u00eatre transf\u00e9r\u00e9s \u00e0 l'homme, contribuant ainsi \u00e0 une r\u00e9sistance accrue aux m\u00e9dicaments.<\/span><span data-ccp-props=\"{&quot;201341983&quot;:0,&quot;335559739&quot;:200,&quot;335559740&quot;:276}\">\u00a0<\/span><\/p><p><span data-contrast=\"auto\">En 2019, le Guide alimentaire canadien a retir\u00e9 les produits laitiers en tant que groupe alimentaire. Les produits laitiers sont maintenant inclus avec d'autres prot\u00e9ines. La consommation de produits laitiers est li\u00e9e \u00e0 une gamme de probl\u00e8mes de sant\u00e9, le plus courant \u00e9tant l'intol\u00e9rance au lactose, qui touche plus de 7 millions de Canadiens. Les produits laitiers sont la principale source de graisses satur\u00e9es dans notre alimentation, contribuant aux maladies cardiaques, au diab\u00e8te de type 2 et \u00e0 la maladie d'Alzheimer. Les produits laitiers sont \u00e9galement li\u00e9s \u00e0 un risque accru de nombreux cancers.<\/span><span style=\"font-style: inherit; font-weight: inherit; background-color: var(--ast-global-color-5);\">\u00a0<\/span><\/p><p><strong>R\u00e9f\u00e9rences:<\/strong><\/p><p><a href=\"https:\/\/agriculture.canada.ca\/fr\/secteurs-agricoles-du-canada\/production-animale\/centre-canadien-dinformation-laitiere-ccil\/statistiques-laitieres-informations-marches\/statistiques-ferme\/fermes-vaches-genisses\"><span data-contrast=\"none\">Nombre de fermes, de vaches laiti\u00e8res et de g\u00e9nisses laiti\u00e8res \u2013 agriculture.canada.ca<\/span><\/a><span data-ccp-props=\"{&quot;201341983&quot;:0,&quot;335559739&quot;:200,&quot;335559740&quot;:276}\">\u00a0<\/span><\/p><p><a href=\"https:\/\/www.worldanimalprotection.org\/cows-calves-dairy-factory-farming-animal-welfare\"><span data-contrast=\"none\">Vaches, veaux et fin de l'\u00e9levage industriel | Protection mondiale des animaux (en anglais)<\/span><\/a><span data-ccp-props=\"{&quot;201341983&quot;:0,&quot;335559739&quot;:200,&quot;335559740&quot;:276}\">\u00a0<\/span><\/p><p><a href=\"https:\/\/spca.bc.ca\/programs-services\/farm-animal-programs\/farm-animal-production\/dairy-cattle\/\"><span data-contrast=\"none\">Production de bovins laitiers au Canada (spca.bc.ca) (en anglais)<\/span><\/a><span data-ccp-props=\"{&quot;201341983&quot;:0,&quot;335559739&quot;:200,&quot;335559740&quot;:276}\">\u00a0<\/span><\/p><p><a href=\"https:\/\/www.sciencedirect.com\/science\/article\/pii\/S0022030217312092#:~:text=Because%20approximately%2070%25%20of%20Canadian,to%20each%20type%20of%20housing.\"><span data-contrast=\"none\">La rentabilit\u00e9 des fermes canadiennes \u00e0 stabulation entrav\u00e9e est-elle associ\u00e9e \u00e0 leur performance lors d'une \u00e9valuation du bien-\u00eatre animal? \u2013 ScienceDirect (en anglais)<\/span><\/a><span data-ccp-props=\"{&quot;201341983&quot;:0,&quot;335559739&quot;:200,&quot;335559740&quot;:276}\">\u00a0<\/span><\/p><p><a href=\"https:\/\/www.worldanimalprotection.ca\/news\/cull-dairy-cows-face-long-arduous-journey-slaughter?ea.tracking.id=newsletter&amp;utm_medium=email&amp;utm_source=email&amp;utm_campaign=22-enews&amp;utm_content=22-enews-05-may-english-ontario-only&amp;fbclid=IwAR1VGDUIE6A4SDN9PJlRz3Vylum63PRngaGJSOVOgGE-A_K-I4Ln17ndzkw\"><b><span data-contrast=\"none\">Les vaches laiti\u00e8res de r\u00e9forme font face \u00e0 un long et ardu voyage vers l'abattoir | Protection mondiale des animaux (en anglais)<\/span><\/b><\/a><span data-ccp-props=\"{&quot;201341983&quot;:0,&quot;335559739&quot;:200,&quot;335559740&quot;:276}\">\u00a0<\/span><\/p><p><a href=\"https:\/\/www.afac.ab.ca\/antibiotic-use-in-livestock\/\"><span data-contrast=\"none\">Utilisation d'antibiotiques chez le b\u00e9tail \u2013 Alberta Farm Animal Care Association (afac.ab.ca) (en anglais)<\/span><\/a><span data-ccp-props=\"{&quot;201341983&quot;:0,&quot;335559739&quot;:200,&quot;335559740&quot;:276}\">\u00a0<\/span><\/p><p><a href=\"https:\/\/healthydebate.ca\/2015\/02\/topic\/antibiotic-resistance-farms\/#:~:text=But%20what%20about%20all%20the,preventative%2C%20or%20prophylactic%2C%20way.\"><b><span data-contrast=\"none\">La r\u00e9sistance aux antibiotiques chez les animaux de ferme, une pr\u00e9occupation croissante pour les scientifiques \u2013 D\u00e9bat sain (en anglais)<\/span><\/b><\/a><span data-ccp-props=\"{&quot;201341983&quot;:0,&quot;335559739&quot;:200,&quot;335559740&quot;:276}\">\u00a0<\/span><\/p><p><a href=\"https:\/\/guide-alimentaire.canada.ca\/fr\/\"><span data-contrast=\"none\">Guide alimentaire canadien<\/span><\/a><span data-ccp-props=\"{&quot;201341983&quot;:0,&quot;335559739&quot;:200,&quot;335559740&quot;:276}\">\u00a0<\/span><\/p><p><a href=\"https:\/\/cdhf.ca\/fr\/digestive-disorders\/allergique-au-lait\/\"><span data-contrast=\"none\">Intol\u00e9rance au lactose \u2013 Fondation canadienne de la sant\u00e9 digestive (cdhf.ca)<\/span><\/a><span data-ccp-props=\"{&quot;201341983&quot;:0,&quot;335559739&quot;:200,&quot;335559740&quot;:276}\">\u00a0<\/span><\/p><p><a href=\"https:\/\/www.canada.ca\/fr\/sante-canada\/nouvelles\/2022\/06\/letiquetage-nutritionnel-sur-le-devant-des-emballages.html\"><span data-contrast=\"none\">\u00c9tiquetage nutritionnel sur le devant de l'emballage \u2013 Canada.ca<\/span><\/a><span data-ccp-props=\"{&quot;201341983&quot;:0,&quot;335559739&quot;:200,&quot;335559740&quot;:276}\">\u00a0<\/span><\/p><p><a href=\"https:\/\/www.drplantbased.ca\/post\/dairy-calcium\"><span data-contrast=\"none\">Produits laitiers et calcium (drplantbased.ca) (en anglais)<\/span><\/a><span data-ccp-props=\"{&quot;201341983&quot;:0,&quot;335559739&quot;:200,&quot;335559740&quot;:276}\">\u00a0<\/span><\/p>\t\t\t\t\t\t\t\t<\/div>\n\t\t\t\t<\/div>\n\t\t\t\t\t<\/div>\n\t\t<\/div>\n\t\t\t\t\t<\/div>\n\t\t<\/section>\n\t\t\t\t<\/div>","protected":false},"excerpt":{"rendered":"<p>Photo: Pia Sarker &#8220;4-5 year old, spent dairy cows, arrive at a Toronto slaughter facility.\u201d Dairy Cows Quebec and Ontario have a combined total of 70% of all dairy cows in Canada. In 2021 there were 1.4 million dairy cows in production in Canada.\u202fEvery year, 30-40% of the total dairy cow population are culled. That [&hellip;]<\/p>","protected":false},"author":7,"featured_media":0,"parent":0,"menu_order":0,"comment_status":"closed","ping_status":"closed","template":"elementor_header_footer","meta":{"give_campaign_id":0,"site-sidebar-layout":"no-sidebar","site-content-layout":"page-builder","ast-site-content-layout":"default","site-content-style":"default","site-sidebar-style":"default","ast-global-header-display":"","ast-banner-title-visibility":"","ast-main-header-display":"","ast-hfb-above-header-display":"","ast-hfb-below-header-display":"","ast-hfb-mobile-header-display":"","site-post-title":"disabled","ast-breadcrumbs-content":"","ast-featured-img":"disabled","footer-sml-layout":"","ast-disable-related-posts":"","theme-transparent-header-meta":"","adv-header-id-meta":"","stick-header-meta":"","header-above-stick-meta":"","header-main-stick-meta":"","header-below-stick-meta":"","astra-migrate-meta-layouts":"default","ast-page-background-enabled":"default","ast-page-background-meta":{"desktop":{"background-color":"var(--ast-global-color-4)","background-image":"","background-repeat":"repeat","background-position":"center center","background-size":"auto","background-attachment":"scroll","background-type":"","background-media":"","overlay-type":"","overlay-color":"","overlay-opacity":"","overlay-gradient":""},"tablet":{"background-color":"","background-image":"","background-repeat":"repeat","background-position":"center center","background-size":"auto","background-attachment":"scroll","background-type":"","background-media":"","overlay-type":"","overlay-color":"","overlay-opacity":"","overlay-gradient":""},"mobile":{"background-color":"","background-image":"","background-repeat":"repeat","background-position":"center center","background-size":"auto","background-attachment":"scroll","background-type":"","background-media":"","overlay-type":"","overlay-color":"","overlay-opacity":"","overlay-gradient":""}},"ast-content-background-meta":{"desktop":{"background-color":"var(--ast-global-color-5)","background-image":"","background-repeat":"repeat","background-position":"center center","background-size":"auto","background-attachment":"scroll","background-type":"","background-media":"","overlay-type":"","overlay-color":"","overlay-opacity":"","overlay-gradient":""},"tablet":{"background-color":"var(--ast-global-color-5)","background-image":"","background-repeat":"repeat","background-position":"center center","background-size":"auto","background-attachment":"scroll","background-type":"","background-media":"","overlay-type":"","overlay-color":"","overlay-opacity":"","overlay-gradient":""},"mobile":{"background-color":"var(--ast-global-color-5)","background-image":"","background-repeat":"repeat","background-position":"center center","background-size":"auto","background-attachment":"scroll","background-type":"","background-media":"","overlay-type":"","overlay-color":"","overlay-opacity":"","overlay-gradient":""}},"footnotes":""},"class_list":["post-2197","page","type-page","status-publish","hentry"],"campaignId":"","_links":{"self":[{"href":"https:\/\/www.humanefood.ca\/fr\/wp-json\/wp\/v2\/pages\/2197","targetHints":{"allow":["GET"]}}],"collection":[{"href":"https:\/\/www.humanefood.ca\/fr\/wp-json\/wp\/v2\/pages"}],"about":[{"href":"https:\/\/www.humanefood.ca\/fr\/wp-json\/wp\/v2\/types\/page"}],"author":[{"embeddable":true,"href":"https:\/\/www.humanefood.ca\/fr\/wp-json\/wp\/v2\/users\/7"}],"replies":[{"embeddable":true,"href":"https:\/\/www.humanefood.ca\/fr\/wp-json\/wp\/v2\/comments?post=2197"}],"version-history":[{"count":5,"href":"https:\/\/www.humanefood.ca\/fr\/wp-json\/wp\/v2\/pages\/2197\/revisions"}],"predecessor-version":[{"id":3350,"href":"https:\/\/www.humanefood.ca\/fr\/wp-json\/wp\/v2\/pages\/2197\/revisions\/3350"}],"wp:attachment":[{"href":"https:\/\/www.humanefood.ca\/fr\/wp-json\/wp\/v2\/media?parent=2197"}],"curies":[{"name":"wp","href":"https:\/\/api.w.org\/{rel}","templated":true}]}}