{"id":2218,"date":"2022-09-07T11:46:59","date_gmt":"2022-09-07T11:46:59","guid":{"rendered":"https:\/\/codepaperclient.com\/ccffa\/?page_id=2218"},"modified":"2022-11-07T13:38:12","modified_gmt":"2022-11-07T13:38:12","slug":"introduction","status":"publish","type":"page","link":"https:\/\/www.humanefood.ca\/fr\/introduction\/","title":{"rendered":"Introduction"},"content":{"rendered":"<div data-elementor-type=\"wp-page\" data-elementor-id=\"2218\" class=\"elementor elementor-2218\" data-elementor-post-type=\"page\">\n\t\t\t\t\t\t<section class=\"elementor-section elementor-top-section elementor-element elementor-element-445e1e6 elementor-section-height-min-height elementor-section-boxed elementor-section-height-default elementor-section-items-middle\" data-id=\"445e1e6\" data-element_type=\"section\" data-settings=\"{&quot;background_background&quot;:&quot;classic&quot;}\">\n\t\t\t\t\t\t<div class=\"elementor-container elementor-column-gap-default\">\n\t\t\t\t\t<div class=\"elementor-column elementor-col-100 elementor-top-column elementor-element elementor-element-0e3b198\" data-id=\"0e3b198\" data-element_type=\"column\">\n\t\t\t<div class=\"elementor-widget-wrap elementor-element-populated\">\n\t\t\t\t\t\t<div class=\"elementor-element elementor-element-727172b elementor-widget elementor-widget-heading\" data-id=\"727172b\" data-element_type=\"widget\" data-widget_type=\"heading.default\">\n\t\t\t\t<div class=\"elementor-widget-container\">\n\t\t\t\t\t<p class=\"elementor-heading-title elementor-size-default\">Photo: We Animals Media<\/p>\t\t\t\t<\/div>\n\t\t\t\t<\/div>\n\t\t\t\t\t<\/div>\n\t\t<\/div>\n\t\t\t\t\t<\/div>\n\t\t<\/section>\n\t\t\t\t<section class=\"elementor-section elementor-top-section elementor-element elementor-element-432873d elementor-section-boxed elementor-section-height-default elementor-section-height-default\" data-id=\"432873d\" data-element_type=\"section\">\n\t\t\t\t\t\t<div class=\"elementor-container elementor-column-gap-default\">\n\t\t\t\t\t<div class=\"elementor-column elementor-col-100 elementor-top-column elementor-element elementor-element-7dfa92c\" data-id=\"7dfa92c\" data-element_type=\"column\">\n\t\t\t<div class=\"elementor-widget-wrap elementor-element-populated\">\n\t\t\t\t\t\t<div class=\"elementor-element elementor-element-beadf42 elementor-widget elementor-widget-heading\" data-id=\"beadf42\" data-element_type=\"widget\" data-widget_type=\"heading.default\">\n\t\t\t\t<div class=\"elementor-widget-container\">\n\t\t\t\t\t<h2 class=\"elementor-heading-title elementor-size-default\">Introduction<\/h2>\t\t\t\t<\/div>\n\t\t\t\t<\/div>\n\t\t\t\t<div class=\"elementor-element elementor-element-2a08305 elementor-widget elementor-widget-text-editor\" data-id=\"2a08305\" data-element_type=\"widget\" data-widget_type=\"text-editor.default\">\n\t\t\t\t<div class=\"elementor-widget-container\">\n\t\t\t\t\t\t\t\t\t<p class=\"translation-block\"><b><span data-contrast=\"auto\"> 1. Pourquoi nous soucions-nous<\/span><\/b><span data-contrast=\"auto\"><b> de la vie des animaux d'\u00e9levage ?<\/b><\/span><\/p><p><span data-ccp-props=\"{&quot;201341983&quot;:0,&quot;335559739&quot;:160,&quot;335559740&quot;:259}\">\u00a0<\/span><span style=\"font-style: inherit; font-weight: inherit; background-color: var(--ast-global-color-5);\" data-contrast=\"auto\">Nous avons la responsabilit\u00e9 morale de prot\u00e9ger leur bien-\u00eatre, de minimiser leurs souffrances. La science nous montre que les animaux d'\u00e9levage sont sensibles - ils ont des d\u00e9sirs, ressentent des \u00e9motions, per\u00e7oivent des choses, sont conscients.<\/span><span style=\"font-style: inherit; font-weight: inherit; background-color: var(--ast-global-color-5);\" data-ccp-props=\"{&quot;201341983&quot;:0,&quot;335559739&quot;:160,&quot;335559740&quot;:259}\">\u00a0<\/span><\/p><p><span data-ccp-props=\"{&quot;201341983&quot;:0,&quot;335559739&quot;:160,&quot;335559740&quot;:259}\">\u00a0<\/span><span style=\"font-style: inherit; font-weight: inherit; background-color: var(--ast-global-color-5);\" data-contrast=\"auto\">Pour de nombreux consommateurs de produits d'origine animale, il peut y avoir une d\u00e9connexion entre ce qu'ils mangent et la prise de conscience du fait que les traitements courants de ces animaux \u00e9lev\u00e9s pour l'alimentation ne les respectent pas et ne les prot\u00e8gent pas de la souffrance.<\/span><span style=\"font-style: inherit; font-weight: inherit; background-color: var(--ast-global-color-5);\" data-ccp-props=\"{&quot;201341983&quot;:0,&quot;335559739&quot;:160,&quot;335559740&quot;:259}\">\u00a0<\/span><\/p><p><span data-ccp-props=\"{&quot;201341983&quot;:0,&quot;335559739&quot;:160,&quot;335559740&quot;:259}\">\u00a0<\/span><span style=\"font-style: inherit; font-weight: inherit; background-color: var(--ast-global-color-5);\" data-contrast=\"auto\">\u00c9thicien animalier canadien, David <\/span><span data-contrast=\"none\">Sztybel <\/span><span style=\"font-style: inherit; font-weight: inherit; background-color: var(--ast-global-color-5);\" data-contrast=\"auto\">utilise le terme \u00abmaladie animale\u00bb pour les traitements conventionnels des animaux qui sont cens\u00e9s \u00eatre effectu\u00e9s \u00abavec humanit\u00e9\u00bb.<\/span><span style=\"font-style: inherit; font-weight: inherit; background-color: var(--ast-global-color-5);\" data-ccp-props=\"{&quot;201341983&quot;:0,&quot;335559739&quot;:160,&quot;335559740&quot;:259}\">\u00a0<\/span><\/p><p><span style=\"font-style: inherit; font-weight: inherit; background-color: var(--ast-global-color-5);\" data-contrast=\"auto\"><strong>2.<\/strong> <\/span><b style=\"font-style: inherit; background-color: var(--ast-global-color-5);\"><span data-contrast=\"auto\">Quelles sont les principales pr\u00e9occupations<\/span><\/b><span style=\"font-style: inherit; font-weight: inherit; background-color: var(--ast-global-color-5);\" data-contrast=\"auto\">\u202f<strong>sur l'\u00e9levage industriel au Canada qui cause de la douleur et\u00a0<\/strong><\/span><strong><span style=\"font-style: inherit; background-color: var(--ast-global-color-5);\" data-contrast=\"auto\">Souffrance?<\/span><span style=\"font-style: inherit; background-color: var(--ast-global-color-5);\" data-ccp-props=\"{&quot;201341983&quot;:0,&quot;335559739&quot;:160,&quot;335559740&quot;:259}\">\u00a0<\/span><\/strong><\/p><p>Nous pouvons penser \u00e0 une ferme industrielle (\u00e9galement appel\u00e9e agriculture animale intensive) comme un lieu et un syst\u00e8me o\u00f9 un grand nombre d'animaux sont \u00e9lev\u00e9s en mettant l'accent sur l'efficacit\u00e9 qui p\u00e8se lourdement sur leur bien-\u00eatre.\u00a0<\/p><p><span data-ccp-props=\"{&quot;201341983&quot;:0,&quot;335559739&quot;:160,&quot;335559740&quot;:259}\">\u00a0<\/span><span style=\"font-style: inherit; font-weight: inherit; background-color: var(--ast-global-color-5);\" data-contrast=\"auto\">Quel est l'impact sur leur bien-\u00eatre? \u00catre capable d'exprimer des comportements naturels est un \u00e9l\u00e9ment cl\u00e9 du bien-\u00eatre animal positif - pensez \u00e0 la fa\u00e7on dont la vie d'un animal d'\u00e9levage limite cette capacit\u00e9. Pensez \u00e0 ce qu'un animal d'\u00e9levage entendrait, sentirait, go\u00fbterait et ressentirait probablement lorsque vous lirez sur sa vie dans les fermes industrielles, dans les transports, aux ench\u00e8res et \u00e0 l'abattoir. De plus en plus, la recherche scientifique jette de plus en plus de lumi\u00e8re sur les animaux en tant qu'\u00eatres sociaux et \u00e9motionnels.<\/span><span style=\"font-style: inherit; font-weight: inherit; background-color: var(--ast-global-color-5);\" data-ccp-props=\"{&quot;201341983&quot;:0,&quot;335559739&quot;:160,&quot;335559740&quot;:259}\">\u00a0<\/span><\/p><p><span data-ccp-props=\"{&quot;201341983&quot;:0,&quot;335559739&quot;:160,&quot;335559740&quot;:259}\"> Pour chaque type d'animal d'\u00e9levage r\u00e9pertori\u00e9 dans la liste d\u00e9roulante Animaux d'\u00e9levage, lorsque vous lisez les probl\u00e8mes de bien-\u00eatre d\u00e9coulant des conditions forc\u00e9es subies tout au long de leur vie, vous pourriez penser \u00e0 leurs exp\u00e9riences physiques, mentales et \u00e9motionnelles.<\/span><\/p><p class=\"translation-block\"><span> <span style=\"font-style: inherit;font-weight: inherit;background-color : var(--ast-couleur-globale-5)\" data-contrast=\"auto\">Alors pensez \u00e0 <\/span><b style=\"font-style: inherit;background-color: var(--ast-global-color-5)\">qu'est-ce qui devrait changer<\/b><span data-contrast=\"auto\"> pour que les animaux d'\u00e9levage vivent une vie sans souffrance.<\/span><span style=\"font-style: inherit;font-weight: inherit\"> <\/span><\/span><\/p><p><strong>R\u00e9f\u00e9rences:<\/strong><\/p><p><strong><a href=\"https:\/\/en.wikipedia.org\/wiki\/David_Sztybel\">Dr. David Sztybel<\/a>\u00a0<\/strong><\/p>\t\t\t\t\t\t\t\t<\/div>\n\t\t\t\t<\/div>\n\t\t\t\t\t<\/div>\n\t\t<\/div>\n\t\t\t\t\t<\/div>\n\t\t<\/section>\n\t\t\t\t<\/div>","protected":false},"excerpt":{"rendered":"<p>Photo: We Animals Media Introduction \u00a01. \u202fWhy do we care\u202fabout the lives of farmed animals? \u00a0We have a moral responsibility to protect their welfare, to minimize their suffering. Science shows us that farmed animals are sentient &#8211; they have desires, feel emotions, perceive things, are aware.\u00a0 \u00a0For many consumers of animal products there may be [&hellip;]<\/p>","protected":false},"author":7,"featured_media":0,"parent":0,"menu_order":0,"comment_status":"closed","ping_status":"closed","template":"elementor_header_footer","meta":{"give_campaign_id":0,"site-sidebar-layout":"no-sidebar","site-content-layout":"page-builder","ast-site-content-layout":"default","site-content-style":"default","site-sidebar-style":"default","ast-global-header-display":"","ast-banner-title-visibility":"","ast-main-header-display":"","ast-hfb-above-header-display":"","ast-hfb-below-header-display":"","ast-hfb-mobile-header-display":"","site-post-title":"disabled","ast-breadcrumbs-content":"","ast-featured-img":"disabled","footer-sml-layout":"","ast-disable-related-posts":"","theme-transparent-header-meta":"","adv-header-id-meta":"","stick-header-meta":"","header-above-stick-meta":"","header-main-stick-meta":"","header-below-stick-meta":"","astra-migrate-meta-layouts":"default","ast-page-background-enabled":"default","ast-page-background-meta":{"desktop":{"background-color":"var(--ast-global-color-4)","background-image":"","background-repeat":"repeat","background-position":"center center","background-size":"auto","background-attachment":"scroll","background-type":"","background-media":"","overlay-type":"","overlay-color":"","overlay-opacity":"","overlay-gradient":""},"tablet":{"background-color":"","background-image":"","background-repeat":"repeat","background-position":"center center","background-size":"auto","background-attachment":"scroll","background-type":"","background-media":"","overlay-type":"","overlay-color":"","overlay-opacity":"","overlay-gradient":""},"mobile":{"background-color":"","background-image":"","background-repeat":"repeat","background-position":"center center","background-size":"auto","background-attachment":"scroll","background-type":"","background-media":"","overlay-type":"","overlay-color":"","overlay-opacity":"","overlay-gradient":""}},"ast-content-background-meta":{"desktop":{"background-color":"var(--ast-global-color-5)","background-image":"","background-repeat":"repeat","background-position":"center center","background-size":"auto","background-attachment":"scroll","background-type":"","background-media":"","overlay-type":"","overlay-color":"","overlay-opacity":"","overlay-gradient":""},"tablet":{"background-color":"var(--ast-global-color-5)","background-image":"","background-repeat":"repeat","background-position":"center center","background-size":"auto","background-attachment":"scroll","background-type":"","background-media":"","overlay-type":"","overlay-color":"","overlay-opacity":"","overlay-gradient":""},"mobile":{"background-color":"var(--ast-global-color-5)","background-image":"","background-repeat":"repeat","background-position":"center center","background-size":"auto","background-attachment":"scroll","background-type":"","background-media":"","overlay-type":"","overlay-color":"","overlay-opacity":"","overlay-gradient":""}},"footnotes":""},"class_list":["post-2218","page","type-page","status-publish","hentry"],"campaignId":"","_links":{"self":[{"href":"https:\/\/www.humanefood.ca\/fr\/wp-json\/wp\/v2\/pages\/2218","targetHints":{"allow":["GET"]}}],"collection":[{"href":"https:\/\/www.humanefood.ca\/fr\/wp-json\/wp\/v2\/pages"}],"about":[{"href":"https:\/\/www.humanefood.ca\/fr\/wp-json\/wp\/v2\/types\/page"}],"author":[{"embeddable":true,"href":"https:\/\/www.humanefood.ca\/fr\/wp-json\/wp\/v2\/users\/7"}],"replies":[{"embeddable":true,"href":"https:\/\/www.humanefood.ca\/fr\/wp-json\/wp\/v2\/comments?post=2218"}],"version-history":[{"count":5,"href":"https:\/\/www.humanefood.ca\/fr\/wp-json\/wp\/v2\/pages\/2218\/revisions"}],"predecessor-version":[{"id":3793,"href":"https:\/\/www.humanefood.ca\/fr\/wp-json\/wp\/v2\/pages\/2218\/revisions\/3793"}],"wp:attachment":[{"href":"https:\/\/www.humanefood.ca\/fr\/wp-json\/wp\/v2\/media?parent=2218"}],"curies":[{"name":"wp","href":"https:\/\/api.w.org\/{rel}","templated":true}]}}