{"id":2234,"date":"2022-09-07T13:12:47","date_gmt":"2022-09-07T13:12:47","guid":{"rendered":"https:\/\/codepaperclient.com\/ccffa\/?page_id=2234"},"modified":"2022-10-17T06:00:08","modified_gmt":"2022-10-17T06:00:08","slug":"recent-wins","status":"publish","type":"page","link":"https:\/\/www.humanefood.ca\/fr\/recent-wins\/","title":{"rendered":"Victoires r\u00e9centes"},"content":{"rendered":"<div data-elementor-type=\"wp-page\" data-elementor-id=\"2234\" class=\"elementor elementor-2234\" data-elementor-post-type=\"page\">\n\t\t\t\t\t\t<section class=\"elementor-section elementor-top-section elementor-element elementor-element-b7663a2 elementor-section-height-min-height elementor-section-boxed elementor-section-height-default elementor-section-items-middle\" data-id=\"b7663a2\" data-element_type=\"section\" data-settings=\"{&quot;background_background&quot;:&quot;classic&quot;}\">\n\t\t\t\t\t\t<div class=\"elementor-container elementor-column-gap-default\">\n\t\t\t\t\t<div class=\"elementor-column elementor-col-100 elementor-top-column elementor-element elementor-element-341bd9a\" data-id=\"341bd9a\" data-element_type=\"column\">\n\t\t\t<div class=\"elementor-widget-wrap elementor-element-populated\">\n\t\t\t\t\t\t<div class=\"elementor-element elementor-element-7cdc193 elementor-widget elementor-widget-heading\" data-id=\"7cdc193\" data-element_type=\"widget\" data-widget_type=\"heading.default\">\n\t\t\t\t<div class=\"elementor-widget-container\">\n\t\t\t\t\t<p class=\"elementor-heading-title elementor-size-default\">Photo: Paul Novosad<\/p>\t\t\t\t<\/div>\n\t\t\t\t<\/div>\n\t\t\t\t\t<\/div>\n\t\t<\/div>\n\t\t\t\t\t<\/div>\n\t\t<\/section>\n\t\t\t\t<section class=\"elementor-section elementor-top-section elementor-element elementor-element-b2edbad elementor-section-boxed elementor-section-height-default elementor-section-height-default\" data-id=\"b2edbad\" data-element_type=\"section\">\n\t\t\t\t\t\t<div class=\"elementor-container elementor-column-gap-default\">\n\t\t\t\t\t<div class=\"elementor-column elementor-col-100 elementor-top-column elementor-element elementor-element-6f1f7d3\" data-id=\"6f1f7d3\" data-element_type=\"column\">\n\t\t\t<div class=\"elementor-widget-wrap elementor-element-populated\">\n\t\t\t\t\t\t<div class=\"elementor-element elementor-element-da90538 elementor-widget elementor-widget-text-editor\" data-id=\"da90538\" data-element_type=\"widget\" data-widget_type=\"text-editor.default\">\n\t\t\t\t<div class=\"elementor-widget-container\">\n\t\t\t\t\t\t\t\t\t<h1 class=\"highlighter\"><strong>Victoires r\u00e9centes<\/strong><\/h1><p><span data-contrast=\"auto\">Apporter des changements pour am\u00e9liorer la vie des animaux d'\u00e9levage peut parfois prendre des ann\u00e9es. Comme l'a dit un jour un coll\u00e8gue, \"Vous perdez et perdez et perdez et puis vous gagnez.\"<\/span><span data-ccp-props=\"{&quot;201341983&quot;:0,&quot;335559739&quot;:160,&quot;335559740&quot;:259}\">\u00a0<\/span><\/p><p><span data-ccp-props=\"{&quot;201341983&quot;:0,&quot;335559739&quot;:160,&quot;335559740&quot;:259}\">\u00a0<\/span><span style=\"font-style: inherit; font-weight: inherit; background-color: var(--ast-global-color-5);\" data-contrast=\"auto\">Voici quelques \"victoires\"\u00a0<\/span><span style=\"font-style: inherit; font-weight: inherit; background-color: var(--ast-global-color-5);\" data-ccp-props=\"{&quot;201341983&quot;:0,&quot;335559739&quot;:160,&quot;335559740&quot;:259}\">\u00a0<\/span><\/p><p><span style=\"font-style: inherit; font-weight: inherit; background-color: var(--ast-global-color-5);\" data-contrast=\"auto\">1) Le CCPAF  a fait campagne vigoureusement pour des temps de transport plus courts sans nourriture, eau et repos pour les animaux amen\u00e9s \u00e0 l'abattoir. Le r\u00e9sultat a \u00e9t\u00e9 une modification du R\u00e8glement sur la sant\u00e9 des animaux du gouvernement f\u00e9d\u00e9ral afin de r\u00e9duire les temps de transport<\/span><span style=\"font-style: inherit; font-weight: inherit; background-color: var(--ast-global-color-5);\" data-ccp-props=\"{&quot;201341983&quot;:0,&quot;335559739&quot;:160,&quot;335559740&quot;:259}\">\u00a0<\/span><\/p><p><span style=\"font-style: inherit; font-weight: inherit; background-color: var(--ast-global-color-5);\" data-contrast=\"auto\">2) Le CCPAF  a pris connaissance du nombre d'incendies de grange o\u00f9 des animaux sont morts. En collaboration avec les minist\u00e8res provinciaux et territoriaux de l'Agriculture, les services d'incendie ruraux, les compagnies d'assurance et le Conseil national de recherches, le nombre d'incendies de granges avec mort d'animaux a consid\u00e9rablement diminu\u00e9.<\/span><span style=\"font-style: inherit; font-weight: inherit; background-color: var(--ast-global-color-5);\" data-ccp-props=\"{&quot;201341983&quot;:0,&quot;335559739&quot;:160,&quot;335559740&quot;:259}\">\u00a0<\/span><\/p><p><span data-ccp-props=\"{&quot;201341983&quot;:0,&quot;335559739&quot;:160,&quot;335559740&quot;:259}\">\u00a0<\/span><span style=\"font-style: inherit; font-weight: inherit; background-color: var(--ast-global-color-5);\" data-contrast=\"auto\">3) Le CCPAF  a fait campagne pour de meilleures conditions pour les truies reproductrices qui ont \u00e9t\u00e9 confin\u00e9es dans de minuscules cages toute leur vie. Le Conseil national des soins aux animaux d'\u00e9levage a publi\u00e9 un nouveau code de pratiques pour les truies qui stipule qu'elles doivent \u00eatre h\u00e9berg\u00e9es en groupe plut\u00f4t que dans des cages individuelles.<\/span><span style=\"font-style: inherit; font-weight: inherit; background-color: var(--ast-global-color-5);\" data-ccp-props=\"{&quot;201341983&quot;:0,&quot;335559739&quot;:160,&quot;335559740&quot;:259}\">\u00a0<\/span><\/p><p><span data-ccp-props=\"{&quot;201341983&quot;:0,&quot;335559739&quot;:160,&quot;335559740&quot;:259}\">\u00a0<\/span><span style=\"font-style: inherit; font-weight: inherit; background-color: var(--ast-global-color-5);\" data-contrast=\"auto\">4) La vid\u00e9osurveillance dans les abattoirs \u00e9tait \u00e0 l'ordre du jour depuis un certain temps. L'Agence canadienne d'inspection des aliments a accept\u00e9 \u00ab en principe \u00bb d'installer le VS. La campagne actuelle est pour un engagement envers un plan.<\/span><span style=\"font-style: inherit; font-weight: inherit; background-color: var(--ast-global-color-5);\" data-ccp-props=\"{&quot;201341983&quot;:0,&quot;335559739&quot;:160,&quot;335559740&quot;:259}\">\u00a0<\/span><\/p>\t\t\t\t\t\t\t\t<\/div>\n\t\t\t\t<\/div>\n\t\t\t\t\t<\/div>\n\t\t<\/div>\n\t\t\t\t\t<\/div>\n\t\t<\/section>\n\t\t\t\t<section class=\"elementor-section elementor-top-section elementor-element elementor-element-690bb66 elementor-hidden-desktop elementor-hidden-tablet elementor-hidden-mobile elementor-section-boxed elementor-section-height-default elementor-section-height-default\" data-id=\"690bb66\" data-element_type=\"section\" data-settings=\"{&quot;background_background&quot;:&quot;classic&quot;}\">\n\t\t\t\t\t\t<div class=\"elementor-container elementor-column-gap-default\">\n\t\t\t\t\t<div class=\"elementor-column elementor-col-100 elementor-top-column elementor-element elementor-element-4971a87\" data-id=\"4971a87\" data-element_type=\"column\" data-settings=\"{&quot;background_background&quot;:&quot;classic&quot;}\">\n\t\t\t<div class=\"elementor-widget-wrap elementor-element-populated\">\n\t\t\t\t\t\t<div class=\"elementor-element elementor-element-bf76eaa elementor-align-center elementor-icon-list--layout-traditional elementor-list-item-link-full_width elementor-widget elementor-widget-icon-list\" data-id=\"bf76eaa\" data-element_type=\"widget\" data-widget_type=\"icon-list.default\">\n\t\t\t\t<div class=\"elementor-widget-container\">\n\t\t\t\t\t\t\t<ul class=\"elementor-icon-list-items\">\n\t\t\t\t\t\t\t<li class=\"elementor-icon-list-item\">\n\t\t\t\t\t\t\t\t\t\t\t<a href=\"https:\/\/petitions.parl.gc.ca\/en\/Petition\/Details?Petition=e-355\">\n\n\t\t\t\t\t\t\t\t\t\t\t\t<span class=\"elementor-icon-list-icon\">\n\t\t\t\t\t\t\t<i aria-hidden=\"true\" class=\"fas fa-external-link-alt\"><\/i>\t\t\t\t\t\t<\/span>\n\t\t\t\t\t\t\t\t\t\t<span class=\"elementor-icon-list-text\">Our e-Parliamentary petition on animal transport is now completed.<\/span>\n\t\t\t\t\t\t\t\t\t\t\t<\/a>\n\t\t\t\t\t\t\t\t\t<\/li>\n\t\t\t\t\t\t<\/ul>\n\t\t\t\t\t\t<\/div>\n\t\t\t\t<\/div>\n\t\t\t\t\t<\/div>\n\t\t<\/div>\n\t\t\t\t\t<\/div>\n\t\t<\/section>\n\t\t\t\t<\/div>","protected":false},"excerpt":{"rendered":"<p>Photo: Paul Novosad Recent Wins Making changes to improve the lives of farmed animals can sometimes take years. As a colleague once said, &#8220;You lose and lose and lose and then you win.\u201d\u00a0 \u00a0Following are some &#8220;victories&#8221;\u00a0\u00a0 1) CCFA campaigned vigorously for shorter transportation times without food, water and rest for animals being taken to [&hellip;]<\/p>","protected":false},"author":7,"featured_media":0,"parent":0,"menu_order":0,"comment_status":"closed","ping_status":"closed","template":"elementor_header_footer","meta":{"give_campaign_id":0,"site-sidebar-layout":"no-sidebar","site-content-layout":"page-builder","ast-site-content-layout":"default","site-content-style":"default","site-sidebar-style":"default","ast-global-header-display":"","ast-banner-title-visibility":"","ast-main-header-display":"","ast-hfb-above-header-display":"","ast-hfb-below-header-display":"","ast-hfb-mobile-header-display":"","site-post-title":"disabled","ast-breadcrumbs-content":"","ast-featured-img":"disabled","footer-sml-layout":"","ast-disable-related-posts":"","theme-transparent-header-meta":"","adv-header-id-meta":"","stick-header-meta":"","header-above-stick-meta":"","header-main-stick-meta":"","header-below-stick-meta":"","astra-migrate-meta-layouts":"default","ast-page-background-enabled":"default","ast-page-background-meta":{"desktop":{"background-color":"var(--ast-global-color-4)","background-image":"","background-repeat":"repeat","background-position":"center center","background-size":"auto","background-attachment":"scroll","background-type":"","background-media":"","overlay-type":"","overlay-color":"","overlay-opacity":"","overlay-gradient":""},"tablet":{"background-color":"","background-image":"","background-repeat":"repeat","background-position":"center center","background-size":"auto","background-attachment":"scroll","background-type":"","background-media":"","overlay-type":"","overlay-color":"","overlay-opacity":"","overlay-gradient":""},"mobile":{"background-color":"","background-image":"","background-repeat":"repeat","background-position":"center center","background-size":"auto","background-attachment":"scroll","background-type":"","background-media":"","overlay-type":"","overlay-color":"","overlay-opacity":"","overlay-gradient":""}},"ast-content-background-meta":{"desktop":{"background-color":"var(--ast-global-color-5)","background-image":"","background-repeat":"repeat","background-position":"center center","background-size":"auto","background-attachment":"scroll","background-type":"","background-media":"","overlay-type":"","overlay-color":"","overlay-opacity":"","overlay-gradient":""},"tablet":{"background-color":"var(--ast-global-color-5)","background-image":"","background-repeat":"repeat","background-position":"center center","background-size":"auto","background-attachment":"scroll","background-type":"","background-media":"","overlay-type":"","overlay-color":"","overlay-opacity":"","overlay-gradient":""},"mobile":{"background-color":"var(--ast-global-color-5)","background-image":"","background-repeat":"repeat","background-position":"center center","background-size":"auto","background-attachment":"scroll","background-type":"","background-media":"","overlay-type":"","overlay-color":"","overlay-opacity":"","overlay-gradient":""}},"footnotes":""},"class_list":["post-2234","page","type-page","status-publish","hentry"],"campaignId":"","_links":{"self":[{"href":"https:\/\/www.humanefood.ca\/fr\/wp-json\/wp\/v2\/pages\/2234","targetHints":{"allow":["GET"]}}],"collection":[{"href":"https:\/\/www.humanefood.ca\/fr\/wp-json\/wp\/v2\/pages"}],"about":[{"href":"https:\/\/www.humanefood.ca\/fr\/wp-json\/wp\/v2\/types\/page"}],"author":[{"embeddable":true,"href":"https:\/\/www.humanefood.ca\/fr\/wp-json\/wp\/v2\/users\/7"}],"replies":[{"embeddable":true,"href":"https:\/\/www.humanefood.ca\/fr\/wp-json\/wp\/v2\/comments?post=2234"}],"version-history":[{"count":5,"href":"https:\/\/www.humanefood.ca\/fr\/wp-json\/wp\/v2\/pages\/2234\/revisions"}],"predecessor-version":[{"id":3431,"href":"https:\/\/www.humanefood.ca\/fr\/wp-json\/wp\/v2\/pages\/2234\/revisions\/3431"}],"wp:attachment":[{"href":"https:\/\/www.humanefood.ca\/fr\/wp-json\/wp\/v2\/media?parent=2234"}],"curies":[{"name":"wp","href":"https:\/\/api.w.org\/{rel}","templated":true}]}}