{"id":351,"date":"2022-08-04T17:22:41","date_gmt":"2022-08-04T17:22:41","guid":{"rendered":"https:\/\/codepaperclient.com\/ccffa\/?page_id=351"},"modified":"2022-11-03T13:46:22","modified_gmt":"2022-11-03T13:46:22","slug":"connect-with-us","status":"publish","type":"page","link":"https:\/\/www.humanefood.ca\/fr\/connect-with-us\/","title":{"rendered":"Connect with Us"},"content":{"rendered":"<div data-elementor-type=\"wp-page\" data-elementor-id=\"351\" class=\"elementor elementor-351\" data-elementor-post-type=\"page\">\n\t\t\t\t\t\t<section class=\"elementor-section elementor-top-section elementor-element elementor-element-7716df2 elementor-section-height-min-height elementor-section-boxed elementor-section-height-default elementor-section-items-middle\" data-id=\"7716df2\" data-element_type=\"section\" data-settings=\"{&quot;background_background&quot;:&quot;classic&quot;}\">\n\t\t\t\t\t\t<div class=\"elementor-container elementor-column-gap-default\">\n\t\t\t\t\t<div class=\"elementor-column elementor-col-100 elementor-top-column elementor-element elementor-element-2184f27\" data-id=\"2184f27\" data-element_type=\"column\">\n\t\t\t<div class=\"elementor-widget-wrap\">\n\t\t\t\t\t\t\t<\/div>\n\t\t<\/div>\n\t\t\t\t\t<\/div>\n\t\t<\/section>\n\t\t\t\t<section class=\"elementor-section elementor-top-section elementor-element elementor-element-361934b elementor-hidden-desktop elementor-hidden-tablet elementor-hidden-mobile elementor-section-boxed elementor-section-height-default elementor-section-height-default\" data-id=\"361934b\" data-element_type=\"section\" data-settings=\"{&quot;background_background&quot;:&quot;classic&quot;}\">\n\t\t\t\t\t\t<div class=\"elementor-container elementor-column-gap-default\">\n\t\t\t\t\t<div class=\"elementor-column elementor-col-100 elementor-top-column elementor-element elementor-element-410625e\" data-id=\"410625e\" data-element_type=\"column\">\n\t\t\t<div class=\"elementor-widget-wrap elementor-element-populated\">\n\t\t\t\t\t\t<section class=\"elementor-section elementor-inner-section elementor-element elementor-element-2c9682e elementor-section-boxed elementor-section-height-default elementor-section-height-default\" data-id=\"2c9682e\" data-element_type=\"section\">\n\t\t\t\t\t\t<div class=\"elementor-container elementor-column-gap-default\">\n\t\t\t\t\t<div class=\"elementor-column elementor-col-50 elementor-inner-column elementor-element elementor-element-9a61235 elementor-invisible\" data-id=\"9a61235\" data-element_type=\"column\" data-settings=\"{&quot;background_background&quot;:&quot;classic&quot;,&quot;animation&quot;:&quot;fadeInLeft&quot;}\">\n\t\t\t<div class=\"elementor-widget-wrap elementor-element-populated\">\n\t\t\t\t\t\t<div class=\"elementor-element elementor-element-d3f22a9 elementor-widget elementor-widget-heading\" data-id=\"d3f22a9\" data-element_type=\"widget\" data-widget_type=\"heading.default\">\n\t\t\t\t<div class=\"elementor-widget-container\">\n\t\t\t\t\t<h2 class=\"elementor-heading-title elementor-size-default\">Connect with Us<\/h2>\t\t\t\t<\/div>\n\t\t\t\t<\/div>\n\t\t\t\t\t<\/div>\n\t\t<\/div>\n\t\t\t\t<div class=\"elementor-column elementor-col-50 elementor-inner-column elementor-element elementor-element-75e9878 elementor-invisible\" data-id=\"75e9878\" data-element_type=\"column\" data-settings=\"{&quot;background_background&quot;:&quot;classic&quot;,&quot;animation&quot;:&quot;fadeInRight&quot;}\">\n\t\t\t<div class=\"elementor-widget-wrap elementor-element-populated\">\n\t\t\t\t\t\t<div class=\"elementor-element elementor-element-7f90086 elementor-align-start elementor-icon-list--layout-traditional elementor-list-item-link-full_width elementor-widget elementor-widget-icon-list\" data-id=\"7f90086\" data-element_type=\"widget\" data-widget_type=\"icon-list.default\">\n\t\t\t\t<div class=\"elementor-widget-container\">\n\t\t\t\t\t\t\t<ul class=\"elementor-icon-list-items\">\n\t\t\t\t\t\t\t<li class=\"elementor-icon-list-item\">\n\t\t\t\t\t\t\t\t\t\t\t<span class=\"elementor-icon-list-icon\">\n\t\t\t\t\t\t\t<i aria-hidden=\"true\" class=\"fas fa-location-arrow\"><\/i>\t\t\t\t\t\t<\/span>\n\t\t\t\t\t\t\t\t\t\t<span class=\"elementor-icon-list-text\">Canadian Coalition for Farm Animals        131 Bloor St. West, Suite 200\/140        Toronto, ON M5S 1R8<\/span>\n\t\t\t\t\t\t\t\t\t<\/li>\n\t\t\t\t\t\t\t\t<li class=\"elementor-icon-list-item\">\n\t\t\t\t\t\t\t\t\t\t\t<span class=\"elementor-icon-list-icon\">\n\t\t\t\t\t\t\t<i aria-hidden=\"true\" class=\"fas fa-phone-alt\"><\/i>\t\t\t\t\t\t<\/span>\n\t\t\t\t\t\t\t\t\t\t<span class=\"elementor-icon-list-text\">416-893-6108 <\/span>\n\t\t\t\t\t\t\t\t\t<\/li>\n\t\t\t\t\t\t\t\t<li class=\"elementor-icon-list-item\">\n\t\t\t\t\t\t\t\t\t\t\t<span class=\"elementor-icon-list-icon\">\n\t\t\t\t\t\t\t<i aria-hidden=\"true\" class=\"fas fa-envelope\"><\/i>\t\t\t\t\t\t<\/span>\n\t\t\t\t\t\t\t\t\t\t<span class=\"elementor-icon-list-text\">info@humanefood.ca<\/span>\n\t\t\t\t\t\t\t\t\t<\/li>\n\t\t\t\t\t\t<\/ul>\n\t\t\t\t\t\t<\/div>\n\t\t\t\t<\/div>\n\t\t\t\t\t<\/div>\n\t\t<\/div>\n\t\t\t\t\t<\/div>\n\t\t<\/section>\n\t\t\t\t\t<\/div>\n\t\t<\/div>\n\t\t\t\t\t<\/div>\n\t\t<\/section>\n\t\t\t\t<section class=\"elementor-section elementor-top-section elementor-element elementor-element-daee8a2 elementor-section-boxed elementor-section-height-default elementor-section-height-default\" data-id=\"daee8a2\" data-element_type=\"section\">\n\t\t\t\t\t\t<div class=\"elementor-container elementor-column-gap-default\">\n\t\t\t\t\t<div class=\"elementor-column elementor-col-100 elementor-top-column elementor-element elementor-element-0845ef7\" data-id=\"0845ef7\" data-element_type=\"column\">\n\t\t\t<div class=\"elementor-widget-wrap elementor-element-populated\">\n\t\t\t\t\t\t<div class=\"elementor-element elementor-element-5ace74f elementor-widget elementor-widget-heading\" data-id=\"5ace74f\" data-element_type=\"widget\" data-widget_type=\"heading.default\">\n\t\t\t\t<div class=\"elementor-widget-container\">\n\t\t\t\t\t<h2 class=\"elementor-heading-title elementor-size-default\">\u00catre impliqu\u00e9<\/h2>\t\t\t\t<\/div>\n\t\t\t\t<\/div>\n\t\t\t\t<div class=\"elementor-element elementor-element-06792ca elementor-widget elementor-widget-text-editor\" data-id=\"06792ca\" data-element_type=\"widget\" data-widget_type=\"text-editor.default\">\n\t\t\t\t<div class=\"elementor-widget-container\">\n\t\t\t\t\t\t\t\t\t<p><b>VOUS AVEZ LE POUVOIR DANS VOS D\u00c9CISIONS D'ACHAT - SOYEZ UN CONSOMMATEUR INFORM\u00c9 :<\/b> De petites choses peuvent avoir un grand impact, alors r\u00e9fl\u00e9chissez \u00e0 vos choix alimentaires. Certaines personnes d\u00e9cident d'\u00e9liminer ou de r\u00e9duire leur consommation de viande et de produits laitiers. Si vous achetez de la viande et des produits laitiers, recherchez des \u00e9tiquettes qui certifient des normes de bien-\u00eatre plus \u00e9lev\u00e9es que les pratiques agricoles conventionnelles. Comprenez ce que ces \u00e9tiquettes signifient pour le bien-\u00eatre des animaux d'\u00e9levage et d\u00e9cidez des normes que vous souhaitez soutenir, et soyez conscient des tentatives de marketing de \"lavage sans cruaut\u00e9\". La SPCA fournit des informations utiles sur la recherche d'aliments et d'\u00e9tiquettes offrant un meilleur bien-\u00eatre. \u00c9tablissez une relation avec votre agriculteur local et d\u00e9couvrez ses pratiques agricoles.<\/p><p><b>D\u00c9FENDRE\/PARLER\u00a0:<\/b> Contactez votre repr\u00e9sentant du gouvernement provincial (MPP) pour exprimer vos pr\u00e9occupations concernant l'\u00e9levage industriel et pour plaider en faveur de lois exigeant la protection des animaux d'\u00e9levage, telles que des normes de bien-\u00eatre plus \u00e9lev\u00e9es, des inspections r\u00e9guli\u00e8res par des autorit\u00e9s ind\u00e9pendantes, l'acc\u00e8s public aux rapports d'inspection et aux donn\u00e9es gouvernementales connexes, le soutien \u00e0 la transparence des op\u00e9rations et l'abrogation de toute loi \u00ab ag-gag \u00bb. Contactez votre repr\u00e9sentant du gouvernement f\u00e9d\u00e9ral (MP) pour plaider en faveur de l'am\u00e9lioration des conditions de transport des animaux d'\u00e9levage (par exemple, plus d'aires de repos, de v\u00e9hicules climatis\u00e9s), des abattoirs f\u00e9d\u00e9raux (par exemple, la vid\u00e9osurveillance); et un financement beaucoup plus important pour les inspections afin de renforcer l'application. Expliquez vos pr\u00e9occupations \u00e0 vos \u00e9piceries (voir l'article 2021 de Protection mondiale des animaux Canada sur la fa\u00e7on dont certaines grandes entreprises canadiennes n\u00e9gligent les animaux d'\u00e9levage en retard sur les politiques de bien-\u00eatre), \u00e0 \u200b\u200bvos restaurants et aux caf\u00e9t\u00e9rias scolaires, en posant des questions telles que s'ils ont un animal d'\u00e9levage politique de bien-\u00eatre publiquement disponible, quelles normes sp\u00e9cifiques ils approuvent et comment ils s'assurent que leurs fournisseurs respectent les normes.<\/p><p><b>ENGAGER<\/b> Rejoignez, soutenez et\/ou faites du b\u00e9n\u00e9volat aupr\u00e8s d'une organisation qui aide les animaux d'\u00e9levage.<\/p><p><span data-contrast=\"auto\">\u00a0 \u00a0 \u00a0 \u00a0 1. \u202f<\/span><a href=\"https:\/\/spca.bc.ca\/faqs\/higher-welfare-food\/\"><span data-contrast=\"none\">Aliments de bien-\u00eatre sup\u00e9rieur (en anglais).<\/span><\/a><span data-ccp-props=\"{&quot;201341983&quot;:0,&quot;335559739&quot;:160,&quot;335559740&quot;:259}\">\u00a0<\/span><\/p><ol start=\"2\"><li><span data-contrast=\"auto\"> \u202f\u202f<\/span><a href=\"https:\/\/fr.worldanimalprotection.ca\/?_ga=2.153609912.1622900813.1664016277-1744682785.1664016277\"><span data-contrast=\"none\">Loblaw, Sobeys et d'autres entreprises canadiennes tardent \u00e0 am\u00e9liorer le bien-\u00eatre des animaux.<\/span><\/a><span data-contrast=\"auto\">\u202f\u202f<\/span><\/li><\/ol>\t\t\t\t\t\t\t\t<\/div>\n\t\t\t\t<\/div>\n\t\t\t\t\t<\/div>\n\t\t<\/div>\n\t\t\t\t\t<\/div>\n\t\t<\/section>\n\t\t\t\t<\/div>","protected":false},"excerpt":{"rendered":"<p>Connect with Us Canadian Coalition for Farm Animals 131 Bloor St. West, Suite 200\/140 Toronto, ON M5S 1R8 416-893-6108 info@humanefood.ca Get Involved YOU HAVE POWER IN YOUR BUYING DECISIONS-BE AN INFORMED CONSUMER: Small things can have a big impact, so consider your food choices. Some people decide to eliminate or reduce their consumption of meat [&hellip;]<\/p>","protected":false},"author":7,"featured_media":0,"parent":0,"menu_order":0,"comment_status":"closed","ping_status":"closed","template":"","meta":{"give_campaign_id":0,"site-sidebar-layout":"no-sidebar","site-content-layout":"page-builder","ast-site-content-layout":"default","site-content-style":"default","site-sidebar-style":"default","ast-global-header-display":"","ast-banner-title-visibility":"","ast-main-header-display":"","ast-hfb-above-header-display":"","ast-hfb-below-header-display":"","ast-hfb-mobile-header-display":"","site-post-title":"disabled","ast-breadcrumbs-content":"","ast-featured-img":"disabled","footer-sml-layout":"","ast-disable-related-posts":"","theme-transparent-header-meta":"","adv-header-id-meta":"","stick-header-meta":"","header-above-stick-meta":"","header-main-stick-meta":"","header-below-stick-meta":"","astra-migrate-meta-layouts":"default","ast-page-background-enabled":"default","ast-page-background-meta":{"desktop":{"background-color":"var(--ast-global-color-4)","background-image":"","background-repeat":"repeat","background-position":"center center","background-size":"auto","background-attachment":"scroll","background-type":"","background-media":"","overlay-type":"","overlay-color":"","overlay-opacity":"","overlay-gradient":""},"tablet":{"background-color":"","background-image":"","background-repeat":"repeat","background-position":"center center","background-size":"auto","background-attachment":"scroll","background-type":"","background-media":"","overlay-type":"","overlay-color":"","overlay-opacity":"","overlay-gradient":""},"mobile":{"background-color":"","background-image":"","background-repeat":"repeat","background-position":"center center","background-size":"auto","background-attachment":"scroll","background-type":"","background-media":"","overlay-type":"","overlay-color":"","overlay-opacity":"","overlay-gradient":""}},"ast-content-background-meta":{"desktop":{"background-color":"var(--ast-global-color-5)","background-image":"","background-repeat":"repeat","background-position":"center center","background-size":"auto","background-attachment":"scroll","background-type":"","background-media":"","overlay-type":"","overlay-color":"","overlay-opacity":"","overlay-gradient":""},"tablet":{"background-color":"var(--ast-global-color-5)","background-image":"","background-repeat":"repeat","background-position":"center center","background-size":"auto","background-attachment":"scroll","background-type":"","background-media":"","overlay-type":"","overlay-color":"","overlay-opacity":"","overlay-gradient":""},"mobile":{"background-color":"var(--ast-global-color-5)","background-image":"","background-repeat":"repeat","background-position":"center center","background-size":"auto","background-attachment":"scroll","background-type":"","background-media":"","overlay-type":"","overlay-color":"","overlay-opacity":"","overlay-gradient":""}},"footnotes":""},"class_list":["post-351","page","type-page","status-publish","hentry"],"campaignId":"","_links":{"self":[{"href":"https:\/\/www.humanefood.ca\/fr\/wp-json\/wp\/v2\/pages\/351","targetHints":{"allow":["GET"]}}],"collection":[{"href":"https:\/\/www.humanefood.ca\/fr\/wp-json\/wp\/v2\/pages"}],"about":[{"href":"https:\/\/www.humanefood.ca\/fr\/wp-json\/wp\/v2\/types\/page"}],"author":[{"embeddable":true,"href":"https:\/\/www.humanefood.ca\/fr\/wp-json\/wp\/v2\/users\/7"}],"replies":[{"embeddable":true,"href":"https:\/\/www.humanefood.ca\/fr\/wp-json\/wp\/v2\/comments?post=351"}],"version-history":[{"count":5,"href":"https:\/\/www.humanefood.ca\/fr\/wp-json\/wp\/v2\/pages\/351\/revisions"}],"predecessor-version":[{"id":3650,"href":"https:\/\/www.humanefood.ca\/fr\/wp-json\/wp\/v2\/pages\/351\/revisions\/3650"}],"wp:attachment":[{"href":"https:\/\/www.humanefood.ca\/fr\/wp-json\/wp\/v2\/media?parent=351"}],"curies":[{"name":"wp","href":"https:\/\/api.w.org\/{rel}","templated":true}]}}