{"id":4969,"date":"2025-07-14T16:50:21","date_gmt":"2025-07-14T16:50:21","guid":{"rendered":"https:\/\/www.humanefood.ca\/?page_id=4969"},"modified":"2025-11-21T18:03:17","modified_gmt":"2025-11-21T18:03:17","slug":"executive","status":"publish","type":"page","link":"https:\/\/www.humanefood.ca\/fr\/executive\/","title":{"rendered":"Ex\u00e9cutif"},"content":{"rendered":"<div data-elementor-type=\"wp-page\" data-elementor-id=\"4969\" class=\"elementor elementor-4969\" data-elementor-post-type=\"page\">\n\t\t\t\t\t\t<section class=\"elementor-section elementor-top-section elementor-element elementor-element-129e352 elementor-section-boxed elementor-section-height-default elementor-section-height-default\" data-id=\"129e352\" data-element_type=\"section\" data-settings=\"{&quot;background_background&quot;:&quot;classic&quot;}\">\n\t\t\t\t\t\t<div class=\"elementor-container elementor-column-gap-default\">\n\t\t\t\t\t<div class=\"elementor-column elementor-col-100 elementor-top-column elementor-element elementor-element-e3a2786\" data-id=\"e3a2786\" data-element_type=\"column\">\n\t\t\t<div class=\"elementor-widget-wrap elementor-element-populated\">\n\t\t\t\t\t\t<div class=\"elementor-element elementor-element-2cd5edb elementor-invisible elementor-widget elementor-widget-heading\" data-id=\"2cd5edb\" data-element_type=\"widget\" data-settings=\"{&quot;_animation&quot;:&quot;fadeInUp&quot;}\" data-widget_type=\"heading.default\">\n\t\t\t\t<div class=\"elementor-widget-container\">\n\t\t\t\t\t<h2 class=\"elementor-heading-title elementor-size-default\">Ex\u00e9cutif <\/h2>\t\t\t\t<\/div>\n\t\t\t\t<\/div>\n\t\t\t\t\t<\/div>\n\t\t<\/div>\n\t\t\t\t\t<\/div>\n\t\t<\/section>\n\t\t\t\t<section class=\"elementor-section elementor-top-section elementor-element elementor-element-2469ae1 elementor-reverse-mobile elementor-section-boxed elementor-section-height-default elementor-section-height-default\" data-id=\"2469ae1\" data-element_type=\"section\">\n\t\t\t\t\t\t<div class=\"elementor-container elementor-column-gap-default\">\n\t\t\t\t\t<div class=\"elementor-column elementor-col-50 elementor-top-column elementor-element elementor-element-a2a6ad0 elementor-invisible\" data-id=\"a2a6ad0\" data-element_type=\"column\" data-settings=\"{&quot;background_background&quot;:&quot;classic&quot;,&quot;animation&quot;:&quot;fadeInLeft&quot;}\">\n\t\t\t<div class=\"elementor-widget-wrap elementor-element-populated\">\n\t\t\t\t\t\t<div class=\"elementor-element elementor-element-71d845e elementor-widget elementor-widget-heading\" data-id=\"71d845e\" data-element_type=\"widget\" data-widget_type=\"heading.default\">\n\t\t\t\t<div class=\"elementor-widget-container\">\n\t\t\t\t\t<h2 class=\"elementor-heading-title elementor-size-default\">Pr\u00e9sidente : Vicki Fecteau <\/h2>\t\t\t\t<\/div>\n\t\t\t\t<\/div>\n\t\t\t\t<div class=\"elementor-element elementor-element-bc0a4ed elementor-widget-divider--view-line elementor-widget elementor-widget-divider\" data-id=\"bc0a4ed\" data-element_type=\"widget\" data-widget_type=\"divider.default\">\n\t\t\t\t<div class=\"elementor-widget-container\">\n\t\t\t\t\t\t\t<div class=\"elementor-divider\">\n\t\t\t<span class=\"elementor-divider-separator\">\n\t\t\t\t\t\t<\/span>\n\t\t<\/div>\n\t\t\t\t\t\t<\/div>\n\t\t\t\t<\/div>\n\t\t\t\t<div class=\"elementor-element elementor-element-178f93b elementor-widget elementor-widget-text-editor\" data-id=\"178f93b\" data-element_type=\"widget\" data-widget_type=\"text-editor.default\">\n\t\t\t\t<div class=\"elementor-widget-container\">\n\t\t\t\t\t\t\t\t\t<p>En plus d'\u00eatre membre du conseil d'administration, Vicki est pr\u00e9sidente et directrice g\u00e9n\u00e9rale de la CCPAF. Cela signifie qu'elle assume toutes les responsabilit\u00e9s ; un r\u00f4le qu'elle prend tr\u00e8s au s\u00e9rieux et avec humilit\u00e9, consciente de la confiance qu'on lui accorde.<\/p>\t\t\t\t\t\t\t\t<\/div>\n\t\t\t\t<\/div>\n\t\t\t\t\t<\/div>\n\t\t<\/div>\n\t\t\t\t<div class=\"elementor-column elementor-col-50 elementor-top-column elementor-element elementor-element-85bf605 elementor-invisible\" data-id=\"85bf605\" data-element_type=\"column\" data-settings=\"{&quot;background_background&quot;:&quot;classic&quot;,&quot;animation&quot;:&quot;fadeInRight&quot;}\">\n\t\t\t<div class=\"elementor-widget-wrap elementor-element-populated\">\n\t\t\t\t\t\t<div class=\"elementor-element elementor-element-6377f16 elementor-widget elementor-widget-image\" data-id=\"6377f16\" data-element_type=\"widget\" data-widget_type=\"image.default\">\n\t\t\t\t<div class=\"elementor-widget-container\">\n\t\t\t\t\t\t\t\t\t\t\t\t\t\t\t<img fetchpriority=\"high\" decoding=\"async\" width=\"910\" height=\"1114\" src=\"https:\/\/www.humanefood.ca\/wp-content\/uploads\/2025\/01\/Vicki-Fecteau-photo.jpg\" class=\"attachment-full size-full wp-image-4690\" alt=\"\" srcset=\"https:\/\/www.humanefood.ca\/wp-content\/uploads\/2025\/01\/Vicki-Fecteau-photo.jpg 910w, https:\/\/www.humanefood.ca\/wp-content\/uploads\/2025\/01\/Vicki-Fecteau-photo-245x300.jpg 245w, https:\/\/www.humanefood.ca\/wp-content\/uploads\/2025\/01\/Vicki-Fecteau-photo-836x1024.jpg 836w, https:\/\/www.humanefood.ca\/wp-content\/uploads\/2025\/01\/Vicki-Fecteau-photo-768x940.jpg 768w, https:\/\/www.humanefood.ca\/wp-content\/uploads\/2025\/01\/Vicki-Fecteau-photo-10x12.jpg 10w\" sizes=\"(max-width: 910px) 100vw, 910px\" \/>\t\t\t\t\t\t\t\t\t\t\t\t\t\t\t<\/div>\n\t\t\t\t<\/div>\n\t\t\t\t\t<\/div>\n\t\t<\/div>\n\t\t\t\t\t<\/div>\n\t\t<\/section>\n\t\t\t\t<section class=\"elementor-section elementor-top-section elementor-element elementor-element-dc08e1a elementor-section-boxed elementor-section-height-default elementor-section-height-default\" data-id=\"dc08e1a\" data-element_type=\"section\">\n\t\t\t\t\t\t<div class=\"elementor-container elementor-column-gap-default\">\n\t\t\t\t\t<div class=\"elementor-column elementor-col-50 elementor-top-column elementor-element elementor-element-16e3230 elementor-invisible\" data-id=\"16e3230\" data-element_type=\"column\" data-settings=\"{&quot;background_background&quot;:&quot;classic&quot;,&quot;animation&quot;:&quot;fadeInLeft&quot;}\">\n\t\t\t<div class=\"elementor-widget-wrap elementor-element-populated\">\n\t\t\t\t\t\t<div class=\"elementor-element elementor-element-a09a6b5 elementor-widget elementor-widget-image\" data-id=\"a09a6b5\" data-element_type=\"widget\" data-widget_type=\"image.default\">\n\t\t\t\t<div class=\"elementor-widget-container\">\n\t\t\t\t\t\t\t\t\t\t\t\t\t\t\t<img decoding=\"async\" width=\"227\" height=\"327\" src=\"https:\/\/www.humanefood.ca\/wp-content\/uploads\/2025\/11\/patricia-m.png\" class=\"attachment-full size-full wp-image-5012\" alt=\"\" srcset=\"https:\/\/www.humanefood.ca\/wp-content\/uploads\/2025\/11\/patricia-m.png 227w, https:\/\/www.humanefood.ca\/wp-content\/uploads\/2025\/11\/patricia-m-208x300.png 208w, https:\/\/www.humanefood.ca\/wp-content\/uploads\/2025\/11\/patricia-m-8x12.png 8w\" sizes=\"(max-width: 227px) 100vw, 227px\" \/>\t\t\t\t\t\t\t\t\t\t\t\t\t\t\t<\/div>\n\t\t\t\t<\/div>\n\t\t\t\t\t<\/div>\n\t\t<\/div>\n\t\t\t\t<div class=\"elementor-column elementor-col-50 elementor-top-column elementor-element elementor-element-68fbc2a elementor-invisible\" data-id=\"68fbc2a\" data-element_type=\"column\" data-settings=\"{&quot;animation&quot;:&quot;fadeInRight&quot;}\">\n\t\t\t<div class=\"elementor-widget-wrap elementor-element-populated\">\n\t\t\t\t\t\t<div class=\"elementor-element elementor-element-1ac19eb elementor-widget elementor-widget-heading\" data-id=\"1ac19eb\" data-element_type=\"widget\" data-widget_type=\"heading.default\">\n\t\t\t\t<div class=\"elementor-widget-container\">\n\t\t\t\t\t<h2 class=\"elementor-heading-title elementor-size-default\">Vice-pr\u00e9sidente Patricia MacInnes<\/h2>\t\t\t\t<\/div>\n\t\t\t\t<\/div>\n\t\t\t\t<div class=\"elementor-element elementor-element-35c3148 elementor-widget-divider--view-line elementor-widget elementor-widget-divider\" data-id=\"35c3148\" data-element_type=\"widget\" data-widget_type=\"divider.default\">\n\t\t\t\t<div class=\"elementor-widget-container\">\n\t\t\t\t\t\t\t<div class=\"elementor-divider\">\n\t\t\t<span class=\"elementor-divider-separator\">\n\t\t\t\t\t\t<\/span>\n\t\t<\/div>\n\t\t\t\t\t\t<\/div>\n\t\t\t\t<\/div>\n\t\t\t\t<div class=\"elementor-element elementor-element-501530f elementor-widget elementor-widget-text-editor\" data-id=\"501530f\" data-element_type=\"widget\" data-widget_type=\"text-editor.default\">\n\t\t\t\t<div class=\"elementor-widget-container\">\n\t\t\t\t\t\t\t\t\t<p>Originaire de la Nouvelle-\u00c9cosse, Patricia vit en Ontario depuis plus de 25 ans et habite actuellement dans la r\u00e9gion sud de la baie Georgienne. Elle a fait des \u00e9tudes sup\u00e9rieures en commerce au coll\u00e8ge et \u00e0 l'universit\u00e9 avant de se lancer dans une longue carri\u00e8re dans le d\u00e9veloppement commercial, l'image de marque, les licences et la gestion des ventes. Aujourd'hui, elle est responsable du centre de conception dans le secteur de l'am\u00e9nagement de terrains.<\/p><p>Tr\u00e8s passionn\u00e9e par le bien-\u00eatre animal, Patricia a h\u00e2te de continuer son combat et de mettre son expertise, sa perspicacit\u00e9 et son d\u00e9vouement au service de la CCPAF.<\/p>\t\t\t\t\t\t\t\t<\/div>\n\t\t\t\t<\/div>\n\t\t\t\t\t<\/div>\n\t\t<\/div>\n\t\t\t\t\t<\/div>\n\t\t<\/section>\n\t\t\t\t<section class=\"elementor-section elementor-top-section elementor-element elementor-element-e76f780 elementor-reverse-mobile elementor-section-boxed elementor-section-height-default elementor-section-height-default\" data-id=\"e76f780\" data-element_type=\"section\">\n\t\t\t\t\t\t<div class=\"elementor-container elementor-column-gap-default\">\n\t\t\t\t\t<div class=\"elementor-column elementor-col-50 elementor-top-column elementor-element elementor-element-fdb4a41 elementor-invisible\" data-id=\"fdb4a41\" data-element_type=\"column\" data-settings=\"{&quot;background_background&quot;:&quot;classic&quot;,&quot;animation&quot;:&quot;fadeInLeft&quot;}\">\n\t\t\t<div class=\"elementor-widget-wrap elementor-element-populated\">\n\t\t\t\t\t\t<div class=\"elementor-element elementor-element-38f6604 elementor-widget elementor-widget-heading\" data-id=\"38f6604\" data-element_type=\"widget\" data-widget_type=\"heading.default\">\n\t\t\t\t<div class=\"elementor-widget-container\">\n\t\t\t\t\t<h2 class=\"elementor-heading-title elementor-size-default\">Secr\u00e9taire : Sue Kralik<\/h2>\t\t\t\t<\/div>\n\t\t\t\t<\/div>\n\t\t\t\t<div class=\"elementor-element elementor-element-fd1c967 elementor-widget-divider--view-line elementor-widget elementor-widget-divider\" data-id=\"fd1c967\" data-element_type=\"widget\" data-widget_type=\"divider.default\">\n\t\t\t\t<div class=\"elementor-widget-container\">\n\t\t\t\t\t\t\t<div class=\"elementor-divider\">\n\t\t\t<span class=\"elementor-divider-separator\">\n\t\t\t\t\t\t<\/span>\n\t\t<\/div>\n\t\t\t\t\t\t<\/div>\n\t\t\t\t<\/div>\n\t\t\t\t<div class=\"elementor-element elementor-element-c649380 elementor-widget elementor-widget-text-editor\" data-id=\"c649380\" data-element_type=\"widget\" data-widget_type=\"text-editor.default\">\n\t\t\t\t<div class=\"elementor-widget-container\">\n\t\t\t\t\t\t\t\t\t<p>Depuis qu'elle a pris sa retraite en tant que directrice d'\u00e9cole, Sue Kralik anime des ateliers \u00e0 l'Academy for Lifelong Learning de Toronto o\u00f9 elle a occup\u00e9 le poste de pr\u00e9sidente pendant l'ann\u00e9e scolaire 2020-2021. En plus de participer \u00e0 des organisations d'apprentissage, comme Living and Learning in Retirement, qui propose des conf\u00e9rences hebdomadaires au campus Glendon de l'Universit\u00e9 York, Sue est la secr\u00e9taire de s\u00e9ance du CCPAF.Sue est membre de Pax Christi, une organisation internationale pour la paix et s'int\u00e9resse beaucoup aux questions de justice sociale et \u00e0 l'activisme.\u00a0<\/p>\t\t\t\t\t\t\t\t<\/div>\n\t\t\t\t<\/div>\n\t\t\t\t\t<\/div>\n\t\t<\/div>\n\t\t\t\t<div class=\"elementor-column elementor-col-50 elementor-top-column elementor-element elementor-element-e09b33b elementor-invisible\" data-id=\"e09b33b\" data-element_type=\"column\" data-settings=\"{&quot;background_background&quot;:&quot;classic&quot;,&quot;animation&quot;:&quot;fadeInRight&quot;}\">\n\t\t\t<div class=\"elementor-widget-wrap elementor-element-populated\">\n\t\t\t\t\t\t<div class=\"elementor-element elementor-element-020f6a4 elementor-widget elementor-widget-image\" data-id=\"020f6a4\" data-element_type=\"widget\" data-widget_type=\"image.default\">\n\t\t\t\t<div class=\"elementor-widget-container\">\n\t\t\t\t\t\t\t\t\t\t\t\t\t\t\t<img decoding=\"async\" width=\"229\" height=\"352\" src=\"https:\/\/www.humanefood.ca\/wp-content\/uploads\/2025\/11\/sue-k.png\" class=\"attachment-full size-full wp-image-5013\" alt=\"\" srcset=\"https:\/\/www.humanefood.ca\/wp-content\/uploads\/2025\/11\/sue-k.png 229w, https:\/\/www.humanefood.ca\/wp-content\/uploads\/2025\/11\/sue-k-195x300.png 195w, https:\/\/www.humanefood.ca\/wp-content\/uploads\/2025\/11\/sue-k-8x12.png 8w\" sizes=\"(max-width: 229px) 100vw, 229px\" \/>\t\t\t\t\t\t\t\t\t\t\t\t\t\t\t<\/div>\n\t\t\t\t<\/div>\n\t\t\t\t\t<\/div>\n\t\t<\/div>\n\t\t\t\t\t<\/div>\n\t\t<\/section>\n\t\t\t\t<section class=\"elementor-section elementor-top-section elementor-element elementor-element-2e2c189 elementor-section-boxed elementor-section-height-default elementor-section-height-default\" data-id=\"2e2c189\" data-element_type=\"section\">\n\t\t\t\t\t\t<div class=\"elementor-container elementor-column-gap-default\">\n\t\t\t\t\t<div class=\"elementor-column elementor-col-50 elementor-top-column elementor-element elementor-element-3f57a23 elementor-invisible\" data-id=\"3f57a23\" data-element_type=\"column\" data-settings=\"{&quot;background_background&quot;:&quot;classic&quot;,&quot;animation&quot;:&quot;fadeInLeft&quot;}\">\n\t\t\t<div class=\"elementor-widget-wrap elementor-element-populated\">\n\t\t\t\t\t\t<div class=\"elementor-element elementor-element-cdc439b elementor-widget elementor-widget-image\" data-id=\"cdc439b\" data-element_type=\"widget\" data-widget_type=\"image.default\">\n\t\t\t\t<div class=\"elementor-widget-container\">\n\t\t\t\t\t\t\t\t\t\t\t\t\t\t\t<img loading=\"lazy\" decoding=\"async\" width=\"214\" height=\"302\" src=\"https:\/\/www.humanefood.ca\/wp-content\/uploads\/2025\/11\/christine.png\" class=\"attachment-full size-full wp-image-5014\" alt=\"\" srcset=\"https:\/\/www.humanefood.ca\/wp-content\/uploads\/2025\/11\/christine.png 214w, https:\/\/www.humanefood.ca\/wp-content\/uploads\/2025\/11\/christine-213x300.png 213w, https:\/\/www.humanefood.ca\/wp-content\/uploads\/2025\/11\/christine-9x12.png 9w\" sizes=\"(max-width: 214px) 100vw, 214px\" \/>\t\t\t\t\t\t\t\t\t\t\t\t\t\t\t<\/div>\n\t\t\t\t<\/div>\n\t\t\t\t\t<\/div>\n\t\t<\/div>\n\t\t\t\t<div class=\"elementor-column elementor-col-50 elementor-top-column elementor-element elementor-element-e46af62 elementor-invisible\" data-id=\"e46af62\" data-element_type=\"column\" data-settings=\"{&quot;animation&quot;:&quot;fadeInRight&quot;}\">\n\t\t\t<div class=\"elementor-widget-wrap elementor-element-populated\">\n\t\t\t\t\t\t<div class=\"elementor-element elementor-element-1560847 elementor-widget elementor-widget-heading\" data-id=\"1560847\" data-element_type=\"widget\" data-widget_type=\"heading.default\">\n\t\t\t\t<div class=\"elementor-widget-container\">\n\t\t\t\t\t<h2 class=\"elementor-heading-title elementor-size-default\">Tr\u00e9sori\u00e8re : Christine Bernier<\/h2>\t\t\t\t<\/div>\n\t\t\t\t<\/div>\n\t\t\t\t<div class=\"elementor-element elementor-element-b7eee48 elementor-widget-divider--view-line elementor-widget elementor-widget-divider\" data-id=\"b7eee48\" data-element_type=\"widget\" data-widget_type=\"divider.default\">\n\t\t\t\t<div class=\"elementor-widget-container\">\n\t\t\t\t\t\t\t<div class=\"elementor-divider\">\n\t\t\t<span class=\"elementor-divider-separator\">\n\t\t\t\t\t\t<\/span>\n\t\t<\/div>\n\t\t\t\t\t\t<\/div>\n\t\t\t\t<\/div>\n\t\t\t\t<div class=\"elementor-element elementor-element-5e857bf elementor-widget elementor-widget-text-editor\" data-id=\"5e857bf\" data-element_type=\"widget\" data-widget_type=\"text-editor.default\">\n\t\t\t\t<div class=\"elementor-widget-container\">\n\t\t\t\t\t\t\t\t\t<p>Christine a obtenu un baccalaur\u00e9at \u00e8s arts avec sp\u00e9cialisation en philosophie et concentration en \u00e9thique \u00e0 l'Universit\u00e9 de Toronto. Elle aime les animaux depuis toujours et d\u00e9fend la cause des animaux de ferme depuis qu'elle a appris des faits troublants sur l'industrie laiti\u00e8re \u00e0 l'adolescence. Apr\u00e8s avoir travaill\u00e9 comme entra\u00eeneuse personnelle pendant de nombreuses ann\u00e9es, elle occupe maintenant un poste administratif \u00e0 la CCPAF. Christine vit \u00e0 Stouffville, en Ontario, avec son mari et ses deux filles.<\/p>\t\t\t\t\t\t\t\t<\/div>\n\t\t\t\t<\/div>\n\t\t\t\t\t<\/div>\n\t\t<\/div>\n\t\t\t\t\t<\/div>\n\t\t<\/section>\n\t\t\t\t<\/div>","protected":false},"excerpt":{"rendered":"<p>Executive President: Vicki Fecteau As well as being a Board member, Vicki is President and Chief Executive Officer of CCFA\/CCPAF. This means she carries full responsibility of the organization\u2014a role she approaches with deep commitment and humility, recognizing the trust placed in her. Vice president: Patricia MacInnes Originally from Nova Scotia, Patricia has made Ontario [&hellip;]<\/p>","protected":false},"author":9,"featured_media":0,"parent":0,"menu_order":0,"comment_status":"closed","ping_status":"closed","template":"","meta":{"give_campaign_id":0,"site-sidebar-layout":"no-sidebar","site-content-layout":"page-builder","ast-site-content-layout":"full-width-container","site-content-style":"default","site-sidebar-style":"default","ast-global-header-display":"","ast-banner-title-visibility":"","ast-main-header-display":"","ast-hfb-above-header-display":"","ast-hfb-below-header-display":"","ast-hfb-mobile-header-display":"","site-post-title":"disabled","ast-breadcrumbs-content":"","ast-featured-img":"disabled","footer-sml-layout":"","ast-disable-related-posts":"","theme-transparent-header-meta":"","adv-header-id-meta":"","stick-header-meta":"","header-above-stick-meta":"","header-main-stick-meta":"","header-below-stick-meta":"","astra-migrate-meta-layouts":"set","ast-page-background-enabled":"default","ast-page-background-meta":{"desktop":{"background-color":"var(--ast-global-color-4)","background-image":"","background-repeat":"repeat","background-position":"center center","background-size":"auto","background-attachment":"scroll","background-type":"","background-media":"","overlay-type":"","overlay-color":"","overlay-opacity":"","overlay-gradient":""},"tablet":{"background-color":"","background-image":"","background-repeat":"repeat","background-position":"center center","background-size":"auto","background-attachment":"scroll","background-type":"","background-media":"","overlay-type":"","overlay-color":"","overlay-opacity":"","overlay-gradient":""},"mobile":{"background-color":"","background-image":"","background-repeat":"repeat","background-position":"center center","background-size":"auto","background-attachment":"scroll","background-type":"","background-media":"","overlay-type":"","overlay-color":"","overlay-opacity":"","overlay-gradient":""}},"ast-content-background-meta":{"desktop":{"background-color":"var(--ast-global-color-5)","background-image":"","background-repeat":"repeat","background-position":"center center","background-size":"auto","background-attachment":"scroll","background-type":"","background-media":"","overlay-type":"","overlay-color":"","overlay-opacity":"","overlay-gradient":""},"tablet":{"background-color":"var(--ast-global-color-5)","background-image":"","background-repeat":"repeat","background-position":"center center","background-size":"auto","background-attachment":"scroll","background-type":"","background-media":"","overlay-type":"","overlay-color":"","overlay-opacity":"","overlay-gradient":""},"mobile":{"background-color":"var(--ast-global-color-5)","background-image":"","background-repeat":"repeat","background-position":"center center","background-size":"auto","background-attachment":"scroll","background-type":"","background-media":"","overlay-type":"","overlay-color":"","overlay-opacity":"","overlay-gradient":""}},"footnotes":""},"class_list":["post-4969","page","type-page","status-publish","hentry"],"campaignId":"0","_links":{"self":[{"href":"https:\/\/www.humanefood.ca\/fr\/wp-json\/wp\/v2\/pages\/4969","targetHints":{"allow":["GET"]}}],"collection":[{"href":"https:\/\/www.humanefood.ca\/fr\/wp-json\/wp\/v2\/pages"}],"about":[{"href":"https:\/\/www.humanefood.ca\/fr\/wp-json\/wp\/v2\/types\/page"}],"author":[{"embeddable":true,"href":"https:\/\/www.humanefood.ca\/fr\/wp-json\/wp\/v2\/users\/9"}],"replies":[{"embeddable":true,"href":"https:\/\/www.humanefood.ca\/fr\/wp-json\/wp\/v2\/comments?post=4969"}],"version-history":[{"count":8,"href":"https:\/\/www.humanefood.ca\/fr\/wp-json\/wp\/v2\/pages\/4969\/revisions"}],"predecessor-version":[{"id":5017,"href":"https:\/\/www.humanefood.ca\/fr\/wp-json\/wp\/v2\/pages\/4969\/revisions\/5017"}],"wp:attachment":[{"href":"https:\/\/www.humanefood.ca\/fr\/wp-json\/wp\/v2\/media?parent=4969"}],"curies":[{"name":"wp","href":"https:\/\/api.w.org\/{rel}","templated":true}]}}