{"id":874,"date":"2022-08-22T06:04:00","date_gmt":"2022-08-22T06:04:00","guid":{"rendered":"https:\/\/codepaperclient.com\/ccffa\/?page_id=874"},"modified":"2022-11-03T14:04:06","modified_gmt":"2022-11-03T14:04:06","slug":"horses","status":"publish","type":"page","link":"https:\/\/www.humanefood.ca\/fr\/horses\/","title":{"rendered":"Les chevaux"},"content":{"rendered":"<div data-elementor-type=\"wp-page\" data-elementor-id=\"874\" class=\"elementor elementor-874\" data-elementor-post-type=\"page\">\n\t\t\t\t\t\t<section class=\"elementor-section elementor-top-section elementor-element elementor-element-7d2fad2 elementor-section-height-min-height elementor-section-boxed elementor-section-height-default elementor-section-items-middle\" data-id=\"7d2fad2\" data-element_type=\"section\" data-settings=\"{&quot;background_background&quot;:&quot;classic&quot;}\">\n\t\t\t\t\t\t<div class=\"elementor-container elementor-column-gap-default\">\n\t\t\t\t\t<div class=\"elementor-column elementor-col-100 elementor-top-column elementor-element elementor-element-c26cda3\" data-id=\"c26cda3\" data-element_type=\"column\">\n\t\t\t<div class=\"elementor-widget-wrap elementor-element-populated\">\n\t\t\t\t\t\t<div class=\"elementor-element elementor-element-cc4f982 elementor-widget elementor-widget-heading\" data-id=\"cc4f982\" data-element_type=\"widget\" data-widget_type=\"heading.default\">\n\t\t\t\t<div class=\"elementor-widget-container\">\n\t\t\t\t\t<p class=\"elementor-heading-title elementor-size-default\">Photo: Canadian Horse Defence Coalition<br>\n\"A\u00e9roport de Calgary, Korean Air Cargo chargeant des caisses de chevaux pour un vol vers le Japon et la Cor\u00e9e du Sud pour l'abattage\"<\/p>\t\t\t\t<\/div>\n\t\t\t\t<\/div>\n\t\t\t\t\t<\/div>\n\t\t<\/div>\n\t\t\t\t\t<\/div>\n\t\t<\/section>\n\t\t\t\t<section class=\"elementor-section elementor-top-section elementor-element elementor-element-854f911 elementor-section-boxed elementor-section-height-default elementor-section-height-default\" data-id=\"854f911\" data-element_type=\"section\">\n\t\t\t\t\t\t<div class=\"elementor-container elementor-column-gap-default\">\n\t\t\t\t\t<div class=\"elementor-column elementor-col-100 elementor-top-column elementor-element elementor-element-4e37148\" data-id=\"4e37148\" data-element_type=\"column\">\n\t\t\t<div class=\"elementor-widget-wrap elementor-element-populated\">\n\t\t\t\t\t\t<div class=\"elementor-element elementor-element-9ac8ce0 elementor-widget elementor-widget-heading\" data-id=\"9ac8ce0\" data-element_type=\"widget\" data-widget_type=\"heading.default\">\n\t\t\t\t<div class=\"elementor-widget-container\">\n\t\t\t\t\t<h2 class=\"elementor-heading-title elementor-size-default\">Les chevaux<\/h2>\t\t\t\t<\/div>\n\t\t\t\t<\/div>\n\t\t\t\t<div class=\"elementor-element elementor-element-527b7e2 elementor-widget elementor-widget-text-editor\" data-id=\"527b7e2\" data-element_type=\"widget\" data-widget_type=\"text-editor.default\">\n\t\t\t\t<div class=\"elementor-widget-container\">\n\t\t\t\t\t\t\t\t\t<p>Le M\u00e9morial des animaux de guerre, \u00e0 Ottawa, comm\u00e9more les chevaux pour le service qu'ils ont rendu \u00e0 notre pays en temps de guerre. Si nous sommes cens\u00e9s c\u00e9l\u00e9brer et montrer du respect pour ces magnifiques animaux, alors pourquoi les abattons-nous au Canada et les transportons-nous outre-mer au Japon et en Cor\u00e9e du Sud pour l'abattage ?<\/p><p>Il y a pr\u00e8s de 400 000 personnes au Canada qui ont des chevaux comme compagnons. Les chevaux sont aussi chers aux humains que les chats et les chiens, dont la souffrance n'est pas tol\u00e9r\u00e9e. Pourtant en 2021, plus de 25 000 chevaux ont \u00e9t\u00e9 abattus en Alberta et au Qu\u00e9bec. Certains de ces chevaux ont \u00e9t\u00e9 transport\u00e9s des \u00c9tats-Unis, o\u00f9 l'abattage des chevaux a pris fin en 2007. La majeure partie de leur viande est congel\u00e9e et export\u00e9e \u00e0 l'\u00e9tranger, mais une partie est consomm\u00e9e au Canada et aux \u00c9tats-Unis.<\/p><p>Les chevaux abattus au Canada sont des chevaux de course infructueux, des chevaux de comp\u00e9tition \u00e0 la retraite, des animaux de compagnie malades ou boiteux, une option en fin de vie, des chevaux \u00e9lev\u00e9s pour la viande et des juments et poulains des industries Premarin et Prempro. Certains propri\u00e9taires, n'ayant plus les moyens de s'occuper de leurs chevaux, les emm\u00e8nent aux ventes aux ench\u00e8res de b\u00e9tail dans l'espoir de leur trouver un nouveau foyer. Malheureusement, ces chevaux sont souvent achet\u00e9s par des \u00ab kill buyers \u00bb qui les envoient \u00e0 l'abattoir. Les chevaux vendus pour la production de viande peuvent \u00eatre transport\u00e9s directement \u00e0 l'abattoir ou passer du temps dans un parc d'engraissement pour s'engraisser avant l'abattage.<\/p><p>Au Canada, certaines fermes \u00e9l\u00e8vent et \u00e9l\u00e8vent des chevaux dans le but principal de produire de la viande. Les chevaux \u00e9lev\u00e9s pour la viande sont destin\u00e9s \u00e0 l'exportation. Les fonctionnaires japonais viennent r\u00e9guli\u00e8rement au Canada pour s\u00e9lectionner les chevaux de trait qu'ils aimeraient importer pour l'abattage. Les chevaux qui ne sont pas choisis sont abattus au Canada. L'Alberta est l'un des plus grands fournisseurs mondiaux de chevaux pour la viande.<\/p><p>Les chevaux de boucherie passent toute leur vie dans des parcs d'engraissement st\u00e9riles avant d'\u00eatre envoy\u00e9s \u00e0 l'abattoir. Il y a une protection minimale contre les conditions m\u00e9t\u00e9orologiques extr\u00eames, peu de soins v\u00e9t\u00e9rinaires, des conditions de surpeuplement et un enrichissement minimal. Chaque ann\u00e9e, des milliers de chevaux sont transport\u00e9s par avion depuis les a\u00e9roports de Calgary, Edmonton et Winnipeg. Les chevaux sont confin\u00e9s dans de petites cages en bois, 3 ou 4 par cage, sur des trajets qui peuvent durer plus de 20 heures, sans nourriture, ni eau, ni repos. Il n'y a pas assez d'espace pour la t\u00eate et pas de place pour s'allonger ou s'\u00e9tirer. Certains chevaux tombent pendant le d\u00e9collage et l'atterrissage et sont incapables de se tenir debout. C'est une erreur de croire que l'abattage des chevaux est humain. Ces chevaux sont \u00e0 la merci des pratiques de l'industrie dans les pays o\u00f9 ils sont envoy\u00e9s.<\/p><p>En 2021, pr\u00e8s de 2000 chevaux ont \u00e9t\u00e9 exp\u00e9di\u00e9s \u00e0 l'\u00e9tranger pour \u00eatre abattus. Le Canada est l'un des seuls pays au monde \u00e0 le faire. Apr\u00e8s sa r\u00e9\u00e9lection en septembre 2021, le Premier ministre s'est engag\u00e9 \u00e0 tenir sa promesse de mettre fin \u00e0 l'exp\u00e9dition de chevaux \u00e0 l'\u00e9tranger pour l'abattage. En d\u00e9cembre 2021, il a envoy\u00e9 une lettre de mandat au ministre de l'agriculture, lui ordonnant d'interdire l'exportation de chevaux vivants destin\u00e9s \u00e0 l'abattage. En octobre 2022, rien n'a \u00e9t\u00e9 fait.<\/p><p>Les industries Premarin et Prempro produisent des m\u00e9dicaments pour le traitement hormonal substitutif (TRH) pour les femmes. Pour toutes les pr\u00e9occupations de bien-\u00eatre animal mentionn\u00e9es ci-dessous, cette industrie est presque identique \u00e0 l'industrie laiti\u00e8re. L'urine des juments gestantes est utilis\u00e9e pour fabriquer ces m\u00e9dicaments, donc tout comme dans l'industrie laiti\u00e8re, les juments sont ins\u00e9min\u00e9es artificiellement encore et encore pour devenir gestantes. Pendant leur grossesse de 11 mois, elles sont confin\u00e9es dans de minuscules stalles, \u00e9quip\u00e9es d'une longe courte, d'un harnais et d'un sac collecteur d'urine. A cause de ces dispositifs contraignants, les juments sont immobiles, incapables de se retourner ou de se coucher confortablement. Deux mois avant l'accouchement, elles sont retir\u00e9es de la \u00ab pipi ligne \u00bb. Elles allaitent leurs poulains pendant environ 4 mois, puis les poulains sont retir\u00e9s et les juments sont r\u00e9impr\u00e9gn\u00e9es. Comme les vaches, les juments r\u00e9sistent \u00e0 la s\u00e9paration de leurs b\u00e9b\u00e9s, elles sont donc souvent fouett\u00e9es, frapp\u00e9es ou battues avec un aiguillon \u00e9lectrique jusqu'\u00e0 ce qu'elles ob\u00e9issent. Les poulains m\u00e2les (poulains), inutiles \u00e0 l'industrie, sont g\u00e9n\u00e9ralement tu\u00e9s imm\u00e9diatement ou envoy\u00e9s \u00e0 une cri\u00e9e d'abattage. Certaines poulaines (pouliches) sont gard\u00e9es en remplacement de leurs m\u00e8res \u00e9puis\u00e9es, les autres sont envoy\u00e9es \u00e0 l'abattoir. Pour les \u00e9leveurs de cette industrie, les poulains valent moins que l'urine que produisent leurs m\u00e8res. Lorsque les juments ne peuvent plus concevoir, elles sont \u00e9galement envoy\u00e9es \u00e0 l'abattoir.<\/p><p>En 2021, 18 fermes au Manitoba et en Saskatchewan avaient des contrats avec Pfizer pour recueillir l'urine des juments gestantes. A cette \u00e9poque il y avait 1300 juments dans ces \u00e9levages.<\/p><p><b>R\u00e9f\u00e9rences:<\/b><\/p><p><a href=\"https:\/\/canadianhorsedefencecoalition.org\/\"><span data-contrast=\"none\">La Coalition canadienne pour la d\u00e9fense du cheval \u2013 La Coalition canadienne pour la d\u00e9fense du cheval (en anglais)<\/span><\/a><span data-ccp-props=\"{&quot;201341983&quot;:0,&quot;335559739&quot;:200,&quot;335559740&quot;:276}\">\u00a0<\/span><\/p><p><a href=\"https:\/\/www.ctvnews.ca\/w5\/a-glimpse-inside-canada-s-sinister-horse-meat-industry-1.5324002?cache=yes%3FclipId%3D86116%2F7.364075\"><span data-contrast=\"none\">Un aper\u00e7u de la \u00ab sinistre \u00bb industrie canadienne de la viande de cheval (ctvnews.ca) (en anglais)<\/span><\/a><span data-ccp-props=\"{&quot;201341983&quot;:0,&quot;335559739&quot;:200,&quot;335559740&quot;:276}\">\u00a0<\/span><\/p><p><a href=\"https:\/\/canadianhorsedefencecoalition.org\/why-end-horse-slaughter\/\"><span data-contrast=\"none\">Pourquoi mettre fin \u00e0 l'abattage des chevaux - The Canadian Horse Defence Coalition (en anglais)<\/span><\/a><span data-ccp-props=\"{&quot;201341983&quot;:0,&quot;335559739&quot;:200,&quot;335559740&quot;:276}\">\u00a0<\/span><\/p><p><a href=\"https:\/\/spca.bc.ca\/programs-services\/farm-animal-programs\/farm-animal-production\/horses\/\"><span data-contrast=\"none\">\u00c9lever et manipuler des chevaux au Canada (spca.bc.ca) (en anglais)<\/span><\/a><span data-ccp-props=\"{&quot;201341983&quot;:0,&quot;335559739&quot;:200,&quot;335559740&quot;:276}\">\u00a0<\/span><\/p><p><a href=\"https:\/\/spca.bc.ca\/news\/ban-shipping-horses-overseas\/\"><span data-contrast=\"none\">Interdire l'exp\u00e9dition de chevaux \u00e0 l'\u00e9tranger pour l'abattage - BC SPCA (en anglais)<\/span><\/a><span data-ccp-props=\"{&quot;201341983&quot;:0,&quot;335559739&quot;:200,&quot;335559740&quot;:276}\">\u00a0<\/span><\/p><p><a href=\"https:\/\/www.macleans.ca\/economy\/business\/canada-is-a-go-to-source-of-horsemeat-these-activists-are-trying-to-change-that\/\"><span data-contrast=\"none\">Le Canada est une source incontournable de viande de cheval. Ces militants essaient de changer cela. \u2013 Macleans.ca (en anglais)<\/span><\/a><span data-ccp-props=\"{&quot;201341983&quot;:0,&quot;335559739&quot;:200,&quot;335559740&quot;:276}\">\u00a0<\/span><\/p><p><a href=\"https:\/\/banhorseslaughter.com\/\"><span data-contrast=\"none\">ACCUEIL \u2013 Interdire l'abattage des chevaux (en anglais)<\/span><\/a><span data-ccp-props=\"{&quot;201341983&quot;:0,&quot;335559739&quot;:200,&quot;335559740&quot;:276}\">\u00a0<\/span><\/p><p><a href=\"https:\/\/www.lcanimal.org\/index.php\/campaigns\/other-issues\/horses\"><span data-contrast=\"none\">Derni\u00e8re chance pour les animaux \u2013 Chevaux \u2013 Premarin (lcanimal.org) (en anglais)<\/span><\/a><span data-ccp-props=\"{&quot;201341983&quot;:0,&quot;335559739&quot;:200,&quot;335559740&quot;:276}\">\u00a0<\/span><\/p><p><a href=\"https:\/\/tuesdayshorse.wordpress.com\/2021\/06\/29\/the-checkered-history-of-pfizers-premarin-family-of-drugs\/\"><span data-contrast=\"none\">L'histoire mouvement\u00e9e de la famille de m\u00e9dicaments Premarin de Pfizer - Tuesday's Horse (wordpress.com) (en anglais)<\/span><\/a><span data-ccp-props=\"{&quot;201341983&quot;:0,&quot;335559739&quot;:200,&quot;335559740&quot;:276}\">\u00a0<\/span><\/p><p><a href=\"https:\/\/faunalytics.org\/the-business-of-urban-animals-survey-the-facts-and-statistics-on-companion-animals-in-canada\/\"><span data-contrast=\"none\">Les faits et les statistiques sur les animaux de compagnie au Canada \u2013 Faunalytics (en anglais)<\/span><\/a><span data-ccp-props=\"{&quot;201341983&quot;:0,&quot;335559739&quot;:200,&quot;335559740&quot;:276}\">\u00a0<\/span><\/p><p><a href=\"https:\/\/pm.gc.ca\/fr\/lettres-de-mandat\/2021\/12\/16\/lettre-de-mandat-de-la-ministre-de-lagriculture-et-de-lagroalimentaire\"><span data-contrast=\"none\">Lettre de mandat du ministre de l'Agriculture et de l'Agroalimentaire (pm.gc.ca)<\/span><\/a><span data-ccp-props=\"{&quot;201341983&quot;:0,&quot;335559739&quot;:200,&quot;335559740&quot;:276}\">\u00a0<\/span><\/p>\t\t\t\t\t\t\t\t<\/div>\n\t\t\t\t<\/div>\n\t\t\t\t\t<\/div>\n\t\t<\/div>\n\t\t\t\t\t<\/div>\n\t\t<\/section>\n\t\t\t\t<\/div>","protected":false},"excerpt":{"rendered":"<p>Photo: Canadian Horse Defence Coalition &#8220;Calgary Airport, Korean Air Cargo loading crates of horses for flight to Japan and S. Korea for slaughter&#8221; Horses The Animals in War Memorial, Ottawa, commemorates horses for their service to our country during times of war. If we are meant to celebrate and show respect for these magnificent animals, [&hellip;]<\/p>","protected":false},"author":7,"featured_media":0,"parent":0,"menu_order":0,"comment_status":"closed","ping_status":"closed","template":"elementor_header_footer","meta":{"give_campaign_id":0,"site-sidebar-layout":"no-sidebar","site-content-layout":"page-builder","ast-site-content-layout":"default","site-content-style":"default","site-sidebar-style":"default","ast-global-header-display":"","ast-banner-title-visibility":"","ast-main-header-display":"","ast-hfb-above-header-display":"","ast-hfb-below-header-display":"","ast-hfb-mobile-header-display":"","site-post-title":"disabled","ast-breadcrumbs-content":"","ast-featured-img":"disabled","footer-sml-layout":"","ast-disable-related-posts":"","theme-transparent-header-meta":"","adv-header-id-meta":"","stick-header-meta":"","header-above-stick-meta":"","header-main-stick-meta":"","header-below-stick-meta":"","astra-migrate-meta-layouts":"default","ast-page-background-enabled":"default","ast-page-background-meta":{"desktop":{"background-color":"var(--ast-global-color-4)","background-image":"","background-repeat":"repeat","background-position":"center center","background-size":"auto","background-attachment":"scroll","background-type":"","background-media":"","overlay-type":"","overlay-color":"","overlay-opacity":"","overlay-gradient":""},"tablet":{"background-color":"","background-image":"","background-repeat":"repeat","background-position":"center center","background-size":"auto","background-attachment":"scroll","background-type":"","background-media":"","overlay-type":"","overlay-color":"","overlay-opacity":"","overlay-gradient":""},"mobile":{"background-color":"","background-image":"","background-repeat":"repeat","background-position":"center center","background-size":"auto","background-attachment":"scroll","background-type":"","background-media":"","overlay-type":"","overlay-color":"","overlay-opacity":"","overlay-gradient":""}},"ast-content-background-meta":{"desktop":{"background-color":"var(--ast-global-color-5)","background-image":"","background-repeat":"repeat","background-position":"center center","background-size":"auto","background-attachment":"scroll","background-type":"","background-media":"","overlay-type":"","overlay-color":"","overlay-opacity":"","overlay-gradient":""},"tablet":{"background-color":"var(--ast-global-color-5)","background-image":"","background-repeat":"repeat","background-position":"center center","background-size":"auto","background-attachment":"scroll","background-type":"","background-media":"","overlay-type":"","overlay-color":"","overlay-opacity":"","overlay-gradient":""},"mobile":{"background-color":"var(--ast-global-color-5)","background-image":"","background-repeat":"repeat","background-position":"center center","background-size":"auto","background-attachment":"scroll","background-type":"","background-media":"","overlay-type":"","overlay-color":"","overlay-opacity":"","overlay-gradient":""}},"footnotes":""},"class_list":["post-874","page","type-page","status-publish","hentry"],"campaignId":"","_links":{"self":[{"href":"https:\/\/www.humanefood.ca\/fr\/wp-json\/wp\/v2\/pages\/874","targetHints":{"allow":["GET"]}}],"collection":[{"href":"https:\/\/www.humanefood.ca\/fr\/wp-json\/wp\/v2\/pages"}],"about":[{"href":"https:\/\/www.humanefood.ca\/fr\/wp-json\/wp\/v2\/types\/page"}],"author":[{"embeddable":true,"href":"https:\/\/www.humanefood.ca\/fr\/wp-json\/wp\/v2\/users\/7"}],"replies":[{"embeddable":true,"href":"https:\/\/www.humanefood.ca\/fr\/wp-json\/wp\/v2\/comments?post=874"}],"version-history":[{"count":5,"href":"https:\/\/www.humanefood.ca\/fr\/wp-json\/wp\/v2\/pages\/874\/revisions"}],"predecessor-version":[{"id":3668,"href":"https:\/\/www.humanefood.ca\/fr\/wp-json\/wp\/v2\/pages\/874\/revisions\/3668"}],"wp:attachment":[{"href":"https:\/\/www.humanefood.ca\/fr\/wp-json\/wp\/v2\/media?parent=874"}],"curies":[{"name":"wp","href":"https:\/\/api.w.org\/{rel}","templated":true}]}}