{"id":986,"date":"2022-08-22T10:28:56","date_gmt":"2022-08-22T10:28:56","guid":{"rendered":"https:\/\/codepaperclient.com\/ccffa\/?page_id=986"},"modified":"2022-11-07T14:14:10","modified_gmt":"2022-11-07T14:14:10","slug":"rabbits","status":"publish","type":"page","link":"https:\/\/www.humanefood.ca\/fr\/rabbits\/","title":{"rendered":"Lapines"},"content":{"rendered":"<div data-elementor-type=\"wp-page\" data-elementor-id=\"986\" class=\"elementor elementor-986\" data-elementor-post-type=\"page\">\n\t\t\t\t\t\t<section class=\"elementor-section elementor-top-section elementor-element elementor-element-8b1c376 elementor-section-height-min-height elementor-section-boxed elementor-section-height-default elementor-section-items-middle\" data-id=\"8b1c376\" data-element_type=\"section\" data-settings=\"{&quot;background_background&quot;:&quot;classic&quot;}\">\n\t\t\t\t\t\t<div class=\"elementor-container elementor-column-gap-default\">\n\t\t\t\t\t<div class=\"elementor-column elementor-col-100 elementor-top-column elementor-element elementor-element-dd06482\" data-id=\"dd06482\" data-element_type=\"column\">\n\t\t\t<div class=\"elementor-widget-wrap\">\n\t\t\t\t\t\t\t<\/div>\n\t\t<\/div>\n\t\t\t\t\t<\/div>\n\t\t<\/section>\n\t\t\t\t<section class=\"elementor-section elementor-top-section elementor-element elementor-element-588bdd8 elementor-section-boxed elementor-section-height-default elementor-section-height-default\" data-id=\"588bdd8\" data-element_type=\"section\">\n\t\t\t\t\t\t<div class=\"elementor-container elementor-column-gap-default\">\n\t\t\t\t\t<div class=\"elementor-column elementor-col-100 elementor-top-column elementor-element elementor-element-70d77b1\" data-id=\"70d77b1\" data-element_type=\"column\">\n\t\t\t<div class=\"elementor-widget-wrap elementor-element-populated\">\n\t\t\t\t\t\t<div class=\"elementor-element elementor-element-3f35ff0 elementor-widget elementor-widget-heading\" data-id=\"3f35ff0\" data-element_type=\"widget\" data-widget_type=\"heading.default\">\n\t\t\t\t<div class=\"elementor-widget-container\">\n\t\t\t\t\t<h2 class=\"elementor-heading-title elementor-size-default\">Lapines<\/h2>\t\t\t\t<\/div>\n\t\t\t\t<\/div>\n\t\t\t\t<div class=\"elementor-element elementor-element-6f5b0c4 elementor-widget elementor-widget-text-editor\" data-id=\"6f5b0c4\" data-element_type=\"widget\" data-widget_type=\"text-editor.default\">\n\t\t\t\t<div class=\"elementor-widget-container\">\n\t\t\t\t\t\t\t\t\t<p>Bien que la viande de lapin ne soit pas particuli\u00e8rement populaire au Canada et diminue, en 2021, pr\u00e8s de 475,000 lapins ont \u00e9t\u00e9 abattus pour la viande.<\/p><p>Comme la plupart des animaux d'\u00e9levage, les lapins sont priv\u00e9s de tout type de comportement naturel, sont \u00e9lev\u00e9s dans des cages surpeupl\u00e9es souvent avec des sols grillag\u00e9s, ne peuvent pas adopter de postures normales et sont sensibles aux maladies. Les biches femelles reproductrices qui ont \u00e9t\u00e9 accoupl\u00e9es produisent des port\u00e9es plus importantes et sont ins\u00e9min\u00e9es artificiellement dans les 11 jours suivant la mise bas. G\u00e9n\u00e9ralement, ils meurent ou sont abattus dans l'ann\u00e9e. Trente pour cent des lapins \u00ab d'engraissement \u00bb meurent avant d'\u00eatre abattus entre huit et douze semaines.<\/p><p>Jusqu'en 2018, il n'existait aucun code de pratique pour le soin et la manipulation des lapins au Canada. Le 15 f\u00e9vrier 2018, le premier <a href=\"https:\/\/www.nfacc.ca\/codes-de-pratiques\/lapins\">code de pratique des lapins<\/a> a \u00e9t\u00e9 publi\u00e9 par le National Farm Animal Care Council (NFACC). Parmi les exigences figurent la hauteur et la surface au sol minimales ainsi que les nichoirs et les mat\u00e9riaux <strong>pour la biche<\/strong>. NFACC\u2019s JackieWepruk:\u201c&#8230;while the worst cages used to house rabbits by the industry are supposed to be phased out by 2018, most won&#8217;t be out of use entirely until 2037.<\/p><p>En outre, le code sp\u00e9cifie les exigences pour am\u00e9liorer l'environnement (comme les blocs \u00e0 ronger et les tunnels), les syst\u00e8mes de ventilation, l'\u00e9clairage et des \u00e9l\u00e9ments de base tels que les aliments nutritifs et l'eau potable.\u00a0<\/p><p>Les codes de pratique sont des lignes directrices sans effet juridique \u00e0 moins qu'ils ne soient incorpor\u00e9s dans les lois provinciales ou territoriales.<\/p><p><b>R\u00e9f\u00e9rences:<\/b><\/p><p><a href=\"https:\/\/agriculture.canada.ca\/fr\/agriculture-agroalimentaire-canada\/secteurs-agricoles-du-canada\/production-animale\/information-marche-viandes-rouges\/apercu-lindustrie-cunicole\"><span data-contrast=\"none\">Agriculture Canada<\/span><\/a><span data-ccp-props=\"{&quot;201341983&quot;:0,&quot;335559739&quot;:160,&quot;335559740&quot;:259}\">\u00a0<\/span><\/p><p><a href=\"https:\/\/www.ciwf.org.uk\/farm-animals\/rabbits\/rabbit-welfare\/\"><span data-contrast=\"none\">La compassion dans l'agriculture mondiale (en anglais)<\/span><\/a><span data-ccp-props=\"{&quot;201341983&quot;:0,&quot;335559739&quot;:160,&quot;335559740&quot;:259}\">\u00a0<\/span><\/p><p><a href=\"https:\/\/nowtoronto.com\/lifestyle\/easter-not-so-happy-for-meat-rabbits\"><span data-contrast=\"none\">Now Toronto 16 avril 2017 (en anglais)<\/span><\/a><span data-ccp-props=\"{&quot;201341983&quot;:0,&quot;335559739&quot;:160,&quot;335559740&quot;:259}\">\u00a0\u00a0<\/span><\/p>\t\t\t\t\t\t\t\t<\/div>\n\t\t\t\t<\/div>\n\t\t\t\t\t<\/div>\n\t\t<\/div>\n\t\t\t\t\t<\/div>\n\t\t<\/section>\n\t\t\t\t<\/div>","protected":false},"excerpt":{"rendered":"<p>Rabbits Although rabbit meat is not particularly popular in Canada and is decreasing, in 2021 almost 475,000 rabbits were slaughtered for meat. Like most farmed animals, rabbits are deprived of exhibiting any kind of natural behaviour, are raised in crowded cages often with wire floors, cannot adopt normal postures, and are susceptible to diseases. Does [&hellip;]<\/p>","protected":false},"author":7,"featured_media":0,"parent":0,"menu_order":0,"comment_status":"closed","ping_status":"closed","template":"elementor_header_footer","meta":{"give_campaign_id":0,"site-sidebar-layout":"no-sidebar","site-content-layout":"page-builder","ast-site-content-layout":"default","site-content-style":"default","site-sidebar-style":"default","ast-global-header-display":"","ast-banner-title-visibility":"","ast-main-header-display":"","ast-hfb-above-header-display":"","ast-hfb-below-header-display":"","ast-hfb-mobile-header-display":"","site-post-title":"disabled","ast-breadcrumbs-content":"","ast-featured-img":"disabled","footer-sml-layout":"","ast-disable-related-posts":"","theme-transparent-header-meta":"","adv-header-id-meta":"","stick-header-meta":"","header-above-stick-meta":"","header-main-stick-meta":"","header-below-stick-meta":"","astra-migrate-meta-layouts":"default","ast-page-background-enabled":"default","ast-page-background-meta":{"desktop":{"background-color":"var(--ast-global-color-4)","background-image":"","background-repeat":"repeat","background-position":"center center","background-size":"auto","background-attachment":"scroll","background-type":"","background-media":"","overlay-type":"","overlay-color":"","overlay-opacity":"","overlay-gradient":""},"tablet":{"background-color":"","background-image":"","background-repeat":"repeat","background-position":"center center","background-size":"auto","background-attachment":"scroll","background-type":"","background-media":"","overlay-type":"","overlay-color":"","overlay-opacity":"","overlay-gradient":""},"mobile":{"background-color":"","background-image":"","background-repeat":"repeat","background-position":"center center","background-size":"auto","background-attachment":"scroll","background-type":"","background-media":"","overlay-type":"","overlay-color":"","overlay-opacity":"","overlay-gradient":""}},"ast-content-background-meta":{"desktop":{"background-color":"var(--ast-global-color-5)","background-image":"","background-repeat":"repeat","background-position":"center center","background-size":"auto","background-attachment":"scroll","background-type":"","background-media":"","overlay-type":"","overlay-color":"","overlay-opacity":"","overlay-gradient":""},"tablet":{"background-color":"var(--ast-global-color-5)","background-image":"","background-repeat":"repeat","background-position":"center center","background-size":"auto","background-attachment":"scroll","background-type":"","background-media":"","overlay-type":"","overlay-color":"","overlay-opacity":"","overlay-gradient":""},"mobile":{"background-color":"var(--ast-global-color-5)","background-image":"","background-repeat":"repeat","background-position":"center center","background-size":"auto","background-attachment":"scroll","background-type":"","background-media":"","overlay-type":"","overlay-color":"","overlay-opacity":"","overlay-gradient":""}},"footnotes":""},"class_list":["post-986","page","type-page","status-publish","hentry"],"campaignId":"","_links":{"self":[{"href":"https:\/\/www.humanefood.ca\/fr\/wp-json\/wp\/v2\/pages\/986","targetHints":{"allow":["GET"]}}],"collection":[{"href":"https:\/\/www.humanefood.ca\/fr\/wp-json\/wp\/v2\/pages"}],"about":[{"href":"https:\/\/www.humanefood.ca\/fr\/wp-json\/wp\/v2\/types\/page"}],"author":[{"embeddable":true,"href":"https:\/\/www.humanefood.ca\/fr\/wp-json\/wp\/v2\/users\/7"}],"replies":[{"embeddable":true,"href":"https:\/\/www.humanefood.ca\/fr\/wp-json\/wp\/v2\/comments?post=986"}],"version-history":[{"count":5,"href":"https:\/\/www.humanefood.ca\/fr\/wp-json\/wp\/v2\/pages\/986\/revisions"}],"predecessor-version":[{"id":3805,"href":"https:\/\/www.humanefood.ca\/fr\/wp-json\/wp\/v2\/pages\/986\/revisions\/3805"}],"wp:attachment":[{"href":"https:\/\/www.humanefood.ca\/fr\/wp-json\/wp\/v2\/media?parent=986"}],"curies":[{"name":"wp","href":"https:\/\/api.w.org\/{rel}","templated":true}]}}